{"id":933,"date":"2023-10-31T22:29:12","date_gmt":"2023-10-31T21:29:12","guid":{"rendered":"https:\/\/yogaensintesismargarita.com\/?page_id=933"},"modified":"2023-10-31T22:29:13","modified_gmt":"2023-10-31T21:29:13","slug":"yoga-en-la-playa","status":"publish","type":"page","link":"https:\/\/yogaensintesismargarita.com\/index.php\/yoga-en-la-playa\/","title":{"rendered":"Yoga en la Playa"},"content":{"rendered":"\n<div id=\"wp-block-themeisle-blocks-advanced-columns-de58857b\" class=\"wp-block-themeisle-blocks-advanced-columns alignfull has-1-columns has-desktop-equal-layout has-tablet-equal-layout has-mobile-equal-layout has-vertical-unset\"><div class=\"wp-block-themeisle-blocks-advanced-columns-overlay\"><\/div><div class=\"innerblocks-wrap\">\n<div id=\"wp-block-themeisle-blocks-advanced-column-f2953736\" class=\"wp-block-themeisle-blocks-advanced-column\"><div class=\"wp-block-image\">\n<figure class=\"aligncenter size-full is-resized\"><img loading=\"lazy\" decoding=\"async\" width=\"512\" height=\"512\" src=\"https:\/\/yogaensintesismargarita.com\/wp-content\/uploads\/2023\/10\/cropped-Diseno-sin-titulo-1.png\" alt=\"\" class=\"wp-image-206\" style=\"width:77px\" srcset=\"https:\/\/yogaensintesismargarita.com\/wp-content\/uploads\/2023\/10\/cropped-Diseno-sin-titulo-1.png 512w, https:\/\/yogaensintesismargarita.com\/wp-content\/uploads\/2023\/10\/cropped-Diseno-sin-titulo-1-300x300.png 300w, https:\/\/yogaensintesismargarita.com\/wp-content\/uploads\/2023\/10\/cropped-Diseno-sin-titulo-1-150x150.png 150w, https:\/\/yogaensintesismargarita.com\/wp-content\/uploads\/2023\/10\/cropped-Diseno-sin-titulo-1-100x100.png 100w, https:\/\/yogaensintesismargarita.com\/wp-content\/uploads\/2023\/10\/cropped-Diseno-sin-titulo-1-270x270.png 270w, https:\/\/yogaensintesismargarita.com\/wp-content\/uploads\/2023\/10\/cropped-Diseno-sin-titulo-1-192x192.png 192w, https:\/\/yogaensintesismargarita.com\/wp-content\/uploads\/2023\/10\/cropped-Diseno-sin-titulo-1-180x180.png 180w, https:\/\/yogaensintesismargarita.com\/wp-content\/uploads\/2023\/10\/cropped-Diseno-sin-titulo-1-32x32.png 32w\" sizes=\"auto, (max-width: 512px) 100vw, 512px\" \/><\/figure>\n<\/div>\n\n\n<h2 id=\"wp-block-themeisle-blocks-advanced-heading-a755bdf2\" class=\"wp-block-themeisle-blocks-advanced-heading wp-block-themeisle-blocks-advanced-heading-a755bdf2\">Yoga en la Playa<\/h2>\n<\/div>\n<\/div><\/div>\n\n\n\n<div id=\"wp-block-themeisle-blocks-advanced-columns-8968042e\" class=\"wp-block-themeisle-blocks-advanced-columns alignfull has-1-columns has-desktop-equal-layout has-tablet-equal-layout has-mobile-equal-layout has-vertical-unset\"><div class=\"wp-block-themeisle-blocks-advanced-columns-overlay\"><\/div><div class=\"innerblocks-wrap\">\n<div id=\"wp-block-themeisle-blocks-advanced-column-a01a1e08\" class=\"wp-block-themeisle-blocks-advanced-column\">\n<h2 class=\"wp-block-heading has-text-align-center\"><strong>Yoga en la Playa<\/strong><\/h2>\n\n\n\n<hr class=\"wp-block-separator has-text-color has-neve-link-hover-color-color has-css-opacity has-neve-link-hover-color-background-color has-background\"\/>\n\n\n\n<p class=\"has-text-align-center\">Imagina el sol descendiendo en el horizonte, ti\u00f1endo el cielo con colores c\u00e1lidos y vibrantes, con la brisa suave y salada acariciando tu piel mientras te sumerges en una serie de movimientos fluidos y conscientes con el aroma salado del oc\u00e9ano inundando tus sentidos, llev\u00e1ndote a un estado de calma profunda.<\/p>\n<\/div>\n<\/div><\/div>\n\n\n\n<div id=\"wp-block-themeisle-blocks-advanced-columns-4b23d2a7\" class=\"wp-block-themeisle-blocks-advanced-columns alignfull has-1-columns has-desktop-equal-layout has-tablet-equal-layout has-mobile-equal-layout has-vertical-unset has-light-bg\"><div class=\"wp-block-themeisle-blocks-advanced-columns-overlay\"><\/div><div class=\"innerblocks-wrap\">\n<div id=\"wp-block-themeisle-blocks-advanced-column-bb15f75a\" class=\"wp-block-themeisle-blocks-advanced-column\">\n<div id=\"wp-block-themeisle-blocks-font-awesome-icons-de851078\" class=\"wp-block-themeisle-blocks-font-awesome-icons\"><span class=\"wp-block-themeisle-blocks-font-awesome-icons-container\"><i class=\"fas fa-spa\"><\/i><\/span><\/div>\n\n\n\n<h2 class=\"wp-block-heading has-text-align-center has-neve-text-color-color has-text-color\">Impartimos conocimiento sobre Yoga<\/h2>\n\n\n\n<figure class=\"wp-block-pullquote has-nv-light-bg-background-color has-background\" style=\"border-style:none;border-width:0px;border-radius:0px;font-size:15px;font-style:normal;font-weight:600\"><blockquote><p><em><em>El yoga es una luz, que una vez encendida, nunca se atenuar\u00e1. Cuanto mejor es la pr\u00e1ctica, m\u00e1s brillante es la llama.<\/em><\/em><\/p><cite><em>Bellur Krishnamachar Sundararaja Iyengar<\/em><\/cite><\/blockquote><\/figure>\n\n\n\n<hr class=\"wp-block-separator has-text-color has-nv-dark-bg-color has-alpha-channel-opacity has-nv-dark-bg-background-color has-background is-style-default\"\/>\n<\/div>\n<\/div><\/div>\n\n\n\n<div id=\"wp-block-themeisle-blocks-advanced-columns-4c08ce8e\" class=\"wp-block-themeisle-blocks-advanced-columns alignfull has-3-columns has-desktop-equal-layout has-tablet-equal-layout has-mobile-collapsedRows-layout has-vertical-unset has-light-bg\"><div class=\"wp-block-themeisle-blocks-advanced-columns-overlay\"><\/div><div class=\"innerblocks-wrap\">\n<div id=\"wp-block-themeisle-blocks-advanced-column-c7e2ddf1\" class=\"wp-block-themeisle-blocks-advanced-column\">\n<figure class=\"wp-block-image size-full\"><img loading=\"lazy\" decoding=\"async\" width=\"596\" height=\"595\" src=\"https:\/\/yogaensintesismargarita.com\/wp-content\/uploads\/2023\/10\/yoga5.png\" alt=\"\" class=\"wp-image-222\" style=\"aspect-ratio:1;object-fit:cover\" srcset=\"https:\/\/yogaensintesismargarita.com\/wp-content\/uploads\/2023\/10\/yoga5.png 596w, https:\/\/yogaensintesismargarita.com\/wp-content\/uploads\/2023\/10\/yoga5-300x300.png 300w, https:\/\/yogaensintesismargarita.com\/wp-content\/uploads\/2023\/10\/yoga5-100x100.png 100w, https:\/\/yogaensintesismargarita.com\/wp-content\/uploads\/2023\/10\/yoga5-150x150.png 150w\" sizes=\"auto, (max-width: 596px) 100vw, 596px\" \/><\/figure>\n<\/div>\n\n\n\n<div id=\"wp-block-themeisle-blocks-advanced-column-821d1975\" class=\"wp-block-themeisle-blocks-advanced-column\">\n<figure class=\"wp-block-image size-large\"><img loading=\"lazy\" decoding=\"async\" width=\"1024\" height=\"768\" src=\"https:\/\/yogaensintesismargarita.com\/wp-content\/uploads\/2023\/10\/IMG_3797-1024x768.jpg\" alt=\"\" class=\"wp-image-433\" style=\"aspect-ratio:1;object-fit:cover\" srcset=\"https:\/\/yogaensintesismargarita.com\/wp-content\/uploads\/2023\/10\/IMG_3797-1024x768.jpg 1024w, https:\/\/yogaensintesismargarita.com\/wp-content\/uploads\/2023\/10\/IMG_3797-300x225.jpg 300w, https:\/\/yogaensintesismargarita.com\/wp-content\/uploads\/2023\/10\/IMG_3797-768x576.jpg 768w, https:\/\/yogaensintesismargarita.com\/wp-content\/uploads\/2023\/10\/IMG_3797-1536x1152.jpg 1536w, https:\/\/yogaensintesismargarita.com\/wp-content\/uploads\/2023\/10\/IMG_3797-2048x1536.jpg 2048w\" sizes=\"auto, (max-width: 1024px) 100vw, 1024px\" \/><\/figure>\n<\/div>\n\n\n\n<div id=\"wp-block-themeisle-blocks-advanced-column-b2fbc2ba\" class=\"wp-block-themeisle-blocks-advanced-column\">\n<figure class=\"wp-block-image size-large\"><img loading=\"lazy\" decoding=\"async\" width=\"1024\" height=\"683\" src=\"https:\/\/yogaensintesismargarita.com\/wp-content\/uploads\/2023\/10\/yoga-en-sintesis-margarita-7-1024x683.jpeg\" alt=\"\" class=\"wp-image-300\" style=\"aspect-ratio:1;object-fit:cover\" srcset=\"https:\/\/yogaensintesismargarita.com\/wp-content\/uploads\/2023\/10\/yoga-en-sintesis-margarita-7-1024x683.jpeg 1024w, https:\/\/yogaensintesismargarita.com\/wp-content\/uploads\/2023\/10\/yoga-en-sintesis-margarita-7-300x200.jpeg 300w, https:\/\/yogaensintesismargarita.com\/wp-content\/uploads\/2023\/10\/yoga-en-sintesis-margarita-7-768x512.jpeg 768w, https:\/\/yogaensintesismargarita.com\/wp-content\/uploads\/2023\/10\/yoga-en-sintesis-margarita-7-1536x1024.jpeg 1536w, https:\/\/yogaensintesismargarita.com\/wp-content\/uploads\/2023\/10\/yoga-en-sintesis-margarita-7-2048x1366.jpeg 2048w, https:\/\/yogaensintesismargarita.com\/wp-content\/uploads\/2023\/10\/yoga-en-sintesis-margarita-7-930x620.jpeg 930w\" sizes=\"auto, (max-width: 1024px) 100vw, 1024px\" \/><\/figure>\n<\/div>\n<\/div><\/div>\n","protected":false},"excerpt":{"rendered":"","protected":false},"author":1,"featured_media":0,"parent":0,"menu_order":0,"comment_status":"closed","ping_status":"closed","template":"page-templates\/template-pagebuilder-full-width.php","meta":{"neve_meta_sidebar":"full-width","neve_meta_container":"","neve_meta_enable_content_width":"on","neve_meta_content_width":100,"neve_meta_title_alignment":"","neve_meta_author_avatar":"","neve_post_elements_order":"","neve_meta_disable_header":"","neve_meta_disable_footer":"","neve_meta_disable_title":"on","_themeisle_gutenberg_block_has_review":false,"footnotes":""},"class_list":["post-933","page","type-page","status-publish","hentry"],"_links":{"self":[{"href":"https:\/\/yogaensintesismargarita.com\/index.php\/wp-json\/wp\/v2\/pages\/933","targetHints":{"allow":["GET"]}}],"collection":[{"href":"https:\/\/yogaensintesismargarita.com\/index.php\/wp-json\/wp\/v2\/pages"}],"about":[{"href":"https:\/\/yogaensintesismargarita.com\/index.php\/wp-json\/wp\/v2\/types\/page"}],"author":[{"embeddable":true,"href":"https:\/\/yogaensintesismargarita.com\/index.php\/wp-json\/wp\/v2\/users\/1"}],"replies":[{"embeddable":true,"href":"https:\/\/yogaensintesismargarita.com\/index.php\/wp-json\/wp\/v2\/comments?post=933"}],"version-history":[{"count":2,"href":"https:\/\/yogaensintesismargarita.com\/index.php\/wp-json\/wp\/v2\/pages\/933\/revisions"}],"predecessor-version":[{"id":935,"href":"https:\/\/yogaensintesismargarita.com\/index.php\/wp-json\/wp\/v2\/pages\/933\/revisions\/935"}],"wp:attachment":[{"href":"https:\/\/yogaensintesismargarita.com\/index.php\/wp-json\/wp\/v2\/media?parent=933"}],"curies":[{"name":"wp","href":"https:\/\/api.w.org\/{rel}","templated":true}]}}