{"id":617,"date":"2023-10-29T19:07:12","date_gmt":"2023-10-29T18:07:12","guid":{"rendered":"https:\/\/yogaensintesismargarita.com\/?page_id=617"},"modified":"2024-03-02T18:55:06","modified_gmt":"2024-03-02T22:55:06","slug":"servicios","status":"publish","type":"page","link":"https:\/\/yogaensintesismargarita.com\/index.php\/servicios\/","title":{"rendered":"Servicios"},"content":{"rendered":"\n<div id=\"wp-block-themeisle-blocks-advanced-columns-de58857b\" class=\"wp-block-themeisle-blocks-advanced-columns alignfull has-1-columns has-desktop-equal-layout has-tablet-equal-layout has-mobile-equal-layout has-vertical-unset\"><div class=\"wp-block-themeisle-blocks-advanced-columns-overlay\"><\/div><div class=\"innerblocks-wrap\">\n<div id=\"wp-block-themeisle-blocks-advanced-column-f2953736\" class=\"wp-block-themeisle-blocks-advanced-column\"><div class=\"wp-block-image\">\n<figure class=\"aligncenter size-full is-resized\"><img loading=\"lazy\" decoding=\"async\" width=\"512\" height=\"512\" src=\"https:\/\/yogaensintesismargarita.com\/wp-content\/uploads\/2023\/10\/cropped-Diseno-sin-titulo-1.png\" alt=\"\" class=\"wp-image-206\" style=\"width:77px;height:auto\" srcset=\"https:\/\/yogaensintesismargarita.com\/wp-content\/uploads\/2023\/10\/cropped-Diseno-sin-titulo-1.png 512w, https:\/\/yogaensintesismargarita.com\/wp-content\/uploads\/2023\/10\/cropped-Diseno-sin-titulo-1-300x300.png 300w, https:\/\/yogaensintesismargarita.com\/wp-content\/uploads\/2023\/10\/cropped-Diseno-sin-titulo-1-150x150.png 150w, https:\/\/yogaensintesismargarita.com\/wp-content\/uploads\/2023\/10\/cropped-Diseno-sin-titulo-1-100x100.png 100w, https:\/\/yogaensintesismargarita.com\/wp-content\/uploads\/2023\/10\/cropped-Diseno-sin-titulo-1-270x270.png 270w, https:\/\/yogaensintesismargarita.com\/wp-content\/uploads\/2023\/10\/cropped-Diseno-sin-titulo-1-192x192.png 192w, https:\/\/yogaensintesismargarita.com\/wp-content\/uploads\/2023\/10\/cropped-Diseno-sin-titulo-1-180x180.png 180w, https:\/\/yogaensintesismargarita.com\/wp-content\/uploads\/2023\/10\/cropped-Diseno-sin-titulo-1-32x32.png 32w\" sizes=\"auto, (max-width: 512px) 100vw, 512px\" \/><\/figure>\n<\/div>\n\n\n<h2 id=\"wp-block-themeisle-blocks-advanced-heading-a755bdf2\" class=\"wp-block-themeisle-blocks-advanced-heading wp-block-themeisle-blocks-advanced-heading-a755bdf2\"> <\/h2>\n<\/div>\n<\/div><\/div>\n\n\n\n<div id=\"wp-block-themeisle-blocks-advanced-columns-8968042e\" class=\"wp-block-themeisle-blocks-advanced-columns alignfull has-1-columns has-desktop-equal-layout has-tablet-equal-layout has-mobile-equal-layout has-vertical-top\"><div class=\"wp-block-themeisle-blocks-advanced-columns-overlay\"><\/div><div class=\"innerblocks-wrap\">\n<div id=\"wp-block-themeisle-blocks-advanced-column-a01a1e08\" class=\"wp-block-themeisle-blocks-advanced-column\">\n<h2 class=\"wp-block-heading has-text-align-left has-nv-c-2-color has-text-color\">ESTUDIAR Y PRACTICAR YOGA <\/h2>\n\n\n\n<h1 class=\"wp-block-heading has-text-align-left has-neve-link-color-color has-text-color\" style=\"font-size:100px\">SIENDO PARTE DE UNA COMUNIDAD VIVENCIAL <\/h1>\n\n\n\n<h2 class=\"wp-block-heading has-text-align-left has-neve-text-color-color has-text-color\" style=\"font-size:25px\"><strong>Es mas ameno;   mas divertido;   mas experiencial<\/strong><\/h2>\n\n\n\n<p><\/p>\n\n\n\n<div class=\"wp-block-group is-vertical is-layout-flex wp-container-core-group-is-layout-8cf370e7 wp-block-group-is-layout-flex\"><\/div>\n\n\n\n<hr class=\"wp-block-separator has-text-color has-neve-link-hover-color-color has-css-opacity has-neve-link-hover-color-background-color has-background\"\/>\n\n\n\n<h2 class=\"wp-block-heading has-text-align-left has-nv-c-2-color has-text-color\" style=\"font-size:38px\"><strong>Tanto presencial como en l\u00ednea, <\/strong><\/h2>\n\n\n\n<h2 class=\"wp-block-heading has-text-align-left has-nv-c-2-color has-text-color\" style=\"font-size:38px\"><strong>impartimos<\/strong> <strong>Clases  y Formaciones de Yoga <\/strong><\/h2>\n\n\n\n<h2 class=\"wp-block-heading has-text-align-left has-nv-c-2-color has-text-color\" style=\"font-size:38px\"><strong>para<\/strong> <strong>ti<\/strong>, <strong>aunque tengas poca experiencia<\/strong><\/h2>\n<\/div>\n<\/div><\/div>\n\n\n\n<div id=\"wp-block-themeisle-blocks-advanced-columns-4c08ce8e\" class=\"wp-block-themeisle-blocks-advanced-columns has-3-columns has-desktop-equal-layout has-tablet-equal-layout has-mobile-collapsedRows-layout has-vertical-center has-light-bg\"><div class=\"wp-block-themeisle-blocks-advanced-columns-overlay\"><\/div><div class=\"innerblocks-wrap\">\n<div id=\"wp-block-themeisle-blocks-advanced-column-c7e2ddf1\" class=\"wp-block-themeisle-blocks-advanced-column\">\n<figure class=\"wp-block-image size-full\"><img loading=\"lazy\" decoding=\"async\" width=\"491\" height=\"561\" src=\"https:\/\/yogaensintesismargarita.com\/wp-content\/uploads\/2023\/10\/yoga-en-sintesis-margarita-4.webp\" alt=\"\" class=\"wp-image-540\" style=\"aspect-ratio:1;object-fit:cover\" srcset=\"https:\/\/yogaensintesismargarita.com\/wp-content\/uploads\/2023\/10\/yoga-en-sintesis-margarita-4.webp 491w, https:\/\/yogaensintesismargarita.com\/wp-content\/uploads\/2023\/10\/yoga-en-sintesis-margarita-4-300x343.webp 300w, https:\/\/yogaensintesismargarita.com\/wp-content\/uploads\/2023\/10\/yoga-en-sintesis-margarita-4-263x300.webp 263w\" sizes=\"auto, (max-width: 491px) 100vw, 491px\" \/><\/figure>\n<\/div>\n\n\n\n<div id=\"wp-block-themeisle-blocks-advanced-column-821d1975\" class=\"wp-block-themeisle-blocks-advanced-column\">\n<figure class=\"wp-block-image size-full\"><img loading=\"lazy\" decoding=\"async\" width=\"480\" height=\"590\" src=\"https:\/\/yogaensintesismargarita.com\/wp-content\/uploads\/2023\/10\/yoga14.png\" alt=\"\" class=\"wp-image-609\" style=\"aspect-ratio:1;object-fit:cover\" srcset=\"https:\/\/yogaensintesismargarita.com\/wp-content\/uploads\/2023\/10\/yoga14.png 480w, https:\/\/yogaensintesismargarita.com\/wp-content\/uploads\/2023\/10\/yoga14-300x369.png 300w, https:\/\/yogaensintesismargarita.com\/wp-content\/uploads\/2023\/10\/yoga14-244x300.png 244w\" sizes=\"auto, (max-width: 480px) 100vw, 480px\" \/><\/figure>\n<\/div>\n\n\n\n<div id=\"wp-block-themeisle-blocks-advanced-column-b2fbc2ba\" class=\"wp-block-themeisle-blocks-advanced-column\">\n<figure class=\"wp-block-image size-full\"><img loading=\"lazy\" decoding=\"async\" width=\"491\" height=\"561\" src=\"https:\/\/yogaensintesismargarita.com\/wp-content\/uploads\/2023\/10\/yoga-en-sintesis-margarita-3.webp\" alt=\"\" class=\"wp-image-526\" style=\"aspect-ratio:1;object-fit:cover\" srcset=\"https:\/\/yogaensintesismargarita.com\/wp-content\/uploads\/2023\/10\/yoga-en-sintesis-margarita-3.webp 491w, https:\/\/yogaensintesismargarita.com\/wp-content\/uploads\/2023\/10\/yoga-en-sintesis-margarita-3-300x343.webp 300w, https:\/\/yogaensintesismargarita.com\/wp-content\/uploads\/2023\/10\/yoga-en-sintesis-margarita-3-263x300.webp 263w\" sizes=\"auto, (max-width: 491px) 100vw, 491px\" \/><\/figure>\n<\/div>\n<\/div><\/div>\n\n\n\n<div id=\"wp-block-themeisle-blocks-advanced-columns-cee39d30\" class=\"wp-block-themeisle-blocks-advanced-columns alignfull has-3-columns has-desktop-equal-layout has-tablet-equal-layout has-mobile-collapsedRows-layout has-vertical-unset has-light-bg\"><div class=\"wp-block-themeisle-blocks-advanced-columns-overlay\"><\/div><div class=\"innerblocks-wrap\">\n<div id=\"wp-block-themeisle-blocks-advanced-column-3cf44e56\" class=\"wp-block-themeisle-blocks-advanced-column\">\n<div id=\"wp-block-themeisle-blocks-font-awesome-icons-d4e92e1b\" class=\"wp-block-themeisle-blocks-font-awesome-icons\"><span class=\"wp-block-themeisle-blocks-font-awesome-icons-container\"><i class=\"fas fa-spa\"><\/i><\/span><\/div>\n\n\n\n<h3 class=\"wp-block-heading has-text-align-center\">Clases de Yoga<\/h3>\n\n\n\n<p class=\"has-text-align-center\">Vive las Clases de Yoga en la playa al atardecer de cada martes y jueves en la Bah\u00eda de Pampatar. Cada clase es \u00fanica e irrepetible.<\/p>\n\n\n\n<p><\/p>\n\n\n\n<div class=\"wp-block-buttons has-custom-font-size has-small-font-size is-content-justification-center is-layout-flex wp-container-core-buttons-is-layout-16018d1d wp-block-buttons-is-layout-flex\">\n<div class=\"wp-block-button has-custom-font-size is-style-primary\" style=\"font-size:15px\"><a class=\"wp-block-button__link has-text-align-center wp-element-button\" href=\"https:\/\/yogaensintesismargarita.com\/index.php\/yoga-en-la-playa\/\" style=\"border-radius:10px\" target=\"_blank\" rel=\"noreferrer noopener\"><strong>SABER MAS<\/strong><\/a><\/div>\n<\/div>\n\n\n\n<p class=\"has-text-align-center\">Cupos limitados<\/p>\n<\/div>\n\n\n\n<div id=\"wp-block-themeisle-blocks-advanced-column-f9775400\" class=\"wp-block-themeisle-blocks-advanced-column\">\n<div id=\"wp-block-themeisle-blocks-font-awesome-icons-912644c8\" class=\"wp-block-themeisle-blocks-font-awesome-icons\"><span class=\"wp-block-themeisle-blocks-font-awesome-icons-container\"><i class=\"fas fa-spa\"><\/i><\/span><\/div>\n\n\n\n<h3 class=\"wp-block-heading has-text-align-center\">Meditaci\u00f3n<\/h3>\n\n\n\n<p class=\"has-text-align-center\">Sum\u00e9rgete en un mundo de paz y armon\u00eda con las t\u00e9cnicas de meditaci\u00f3n que  te invitan a explorar tus sentidos y encontrar tu serenidad interior.<\/p>\n\n\n\n<p><\/p>\n\n\n\n<div class=\"wp-block-buttons is-content-justification-center is-layout-flex wp-container-core-buttons-is-layout-16018d1d wp-block-buttons-is-layout-flex\">\n<div class=\"wp-block-button has-custom-font-size is-style-primary\" style=\"font-size:15px\"><a class=\"wp-block-button__link wp-element-button\" href=\"https:\/\/yogaensintesismargarita.com\/index.php\/meditacion\/\" style=\"border-radius:10px\" target=\"_blank\" rel=\"noreferrer noopener\">SABER MAS<\/a><\/div>\n<\/div>\n\n\n\n<p class=\"has-text-align-center\">Cupos limitados<\/p>\n<\/div>\n\n\n\n<div id=\"wp-block-themeisle-blocks-advanced-column-e77516e6\" class=\"wp-block-themeisle-blocks-advanced-column\">\n<div id=\"wp-block-themeisle-blocks-font-awesome-icons-2d664775\" class=\"wp-block-themeisle-blocks-font-awesome-icons\"><span class=\"wp-block-themeisle-blocks-font-awesome-icons-container\"><i class=\"fas fa-spa\"><\/i><\/span><\/div>\n\n\n\n<h3 class=\"wp-block-heading has-text-align-center\">Yoga en el Castillo<\/h3>\n\n\n\n<p class=\"has-text-align-center\">Una experiencia sensorial \u00fanica, donde puedes disfrutar de la magia de un lugar hist\u00f3rico mientras cultivas equilibrio y plenitud en cuerpo y mente.<\/p>\n\n\n\n<p><\/p>\n\n\n\n<div class=\"wp-block-buttons is-content-justification-center is-layout-flex wp-container-core-buttons-is-layout-16018d1d wp-block-buttons-is-layout-flex\">\n<div class=\"wp-block-button has-custom-font-size is-style-primary\" style=\"font-size:15px\"><a class=\"wp-block-button__link wp-element-button\" href=\"https:\/\/yogaensintesismargarita.com\/index.php\/yoga-en-el-castillo\/\" style=\"border-radius:10px\" target=\"_blank\" rel=\"noreferrer noopener\">SABER MAS<\/a><\/div>\n<\/div>\n\n\n\n<p class=\"has-text-align-center\">Entrada libre<\/p>\n<\/div>\n<\/div><\/div>\n\n\n\n<div id=\"wp-block-themeisle-blocks-advanced-columns-202d5e3a\" class=\"wp-block-themeisle-blocks-advanced-columns has-3-columns has-desktop-equal-layout has-tablet-equal-layout has-mobile-collapsedRows-layout has-vertical-center has-light-bg\"><div class=\"wp-block-themeisle-blocks-advanced-columns-overlay\"><\/div><div class=\"innerblocks-wrap\">\n<div id=\"wp-block-themeisle-blocks-advanced-column-1fed8e4d\" class=\"wp-block-themeisle-blocks-advanced-column\">\n<figure class=\"wp-block-image size-full\"><img loading=\"lazy\" decoding=\"async\" width=\"491\" height=\"561\" src=\"https:\/\/yogaensintesismargarita.com\/wp-content\/uploads\/2023\/10\/yoga-en-sintesis-margarita-4.webp\" alt=\"\" class=\"wp-image-540\" style=\"aspect-ratio:1;object-fit:cover\" srcset=\"https:\/\/yogaensintesismargarita.com\/wp-content\/uploads\/2023\/10\/yoga-en-sintesis-margarita-4.webp 491w, https:\/\/yogaensintesismargarita.com\/wp-content\/uploads\/2023\/10\/yoga-en-sintesis-margarita-4-300x343.webp 300w, https:\/\/yogaensintesismargarita.com\/wp-content\/uploads\/2023\/10\/yoga-en-sintesis-margarita-4-263x300.webp 263w\" sizes=\"auto, (max-width: 491px) 100vw, 491px\" \/><\/figure>\n<\/div>\n\n\n\n<div id=\"wp-block-themeisle-blocks-advanced-column-2e5f4d7f\" class=\"wp-block-themeisle-blocks-advanced-column\">\n<figure class=\"wp-block-image size-full\"><img loading=\"lazy\" decoding=\"async\" width=\"480\" height=\"590\" src=\"https:\/\/yogaensintesismargarita.com\/wp-content\/uploads\/2023\/10\/yoga14.png\" alt=\"\" class=\"wp-image-609\" style=\"aspect-ratio:1;object-fit:cover\" srcset=\"https:\/\/yogaensintesismargarita.com\/wp-content\/uploads\/2023\/10\/yoga14.png 480w, https:\/\/yogaensintesismargarita.com\/wp-content\/uploads\/2023\/10\/yoga14-300x369.png 300w, https:\/\/yogaensintesismargarita.com\/wp-content\/uploads\/2023\/10\/yoga14-244x300.png 244w\" sizes=\"auto, (max-width: 480px) 100vw, 480px\" \/><\/figure>\n<\/div>\n\n\n\n<div id=\"wp-block-themeisle-blocks-advanced-column-bbf2144e\" class=\"wp-block-themeisle-blocks-advanced-column\">\n<figure class=\"wp-block-image size-full\"><img loading=\"lazy\" decoding=\"async\" width=\"491\" height=\"561\" src=\"https:\/\/yogaensintesismargarita.com\/wp-content\/uploads\/2023\/10\/yoga-en-sintesis-margarita-3.webp\" alt=\"\" class=\"wp-image-526\" style=\"aspect-ratio:1;object-fit:cover\" srcset=\"https:\/\/yogaensintesismargarita.com\/wp-content\/uploads\/2023\/10\/yoga-en-sintesis-margarita-3.webp 491w, https:\/\/yogaensintesismargarita.com\/wp-content\/uploads\/2023\/10\/yoga-en-sintesis-margarita-3-300x343.webp 300w, https:\/\/yogaensintesismargarita.com\/wp-content\/uploads\/2023\/10\/yoga-en-sintesis-margarita-3-263x300.webp 263w\" sizes=\"auto, (max-width: 491px) 100vw, 491px\" \/><\/figure>\n<\/div>\n<\/div><\/div>\n\n\n\n<div id=\"wp-block-themeisle-blocks-advanced-columns-82a667f0\" class=\"wp-block-themeisle-blocks-advanced-columns alignfull has-3-columns has-desktop-equal-layout has-tablet-equal-layout has-mobile-collapsedRows-layout has-vertical-unset has-light-bg\"><div class=\"wp-block-themeisle-blocks-advanced-columns-overlay\"><\/div><div class=\"innerblocks-wrap\">\n<div id=\"wp-block-themeisle-blocks-advanced-column-63a52e25\" class=\"wp-block-themeisle-blocks-advanced-column\">\n<div id=\"wp-block-themeisle-blocks-font-awesome-icons-98514220\" class=\"wp-block-themeisle-blocks-font-awesome-icons\"><span class=\"wp-block-themeisle-blocks-font-awesome-icons-container\"><i class=\"fas fa-spa\"><\/i><\/span><\/div>\n\n\n\n<h3 class=\"wp-block-heading has-text-align-center\">Formaci\u00f3n 200 horas <strong>presencial<\/strong><\/h3>\n\n\n\n<p class=\"has-text-align-center\">Diplomado Internacional de Yoga 200 horas avalado por Yoga Alliance.<\/p>\n\n\n\n<div class=\"wp-block-buttons has-custom-font-size has-small-font-size is-content-justification-center is-layout-flex wp-container-core-buttons-is-layout-16018d1d wp-block-buttons-is-layout-flex\">\n<div class=\"wp-block-button has-custom-font-size is-style-primary\" style=\"font-size:15px\"><a class=\"wp-block-button__link has-text-align-center wp-element-button\" href=\"https:\/\/yogaensintesismargarita.com\/index.php\/diplomado-internacional-de-yoga-de-200-horas\/\" style=\"border-radius:10px\" target=\"_blank\" rel=\"noreferrer noopener\"><strong>SABER MAS<\/strong><\/a><\/div>\n<\/div>\n\n\n\n<p class=\"has-text-align-center\"><strong>Duraci\u00f3n: <\/strong>3 semestres<\/p>\n<\/div>\n\n\n\n<div id=\"wp-block-themeisle-blocks-advanced-column-38251b52\" class=\"wp-block-themeisle-blocks-advanced-column\">\n<div id=\"wp-block-themeisle-blocks-font-awesome-icons-64b371c4\" class=\"wp-block-themeisle-blocks-font-awesome-icons\"><span class=\"wp-block-themeisle-blocks-font-awesome-icons-container\"><i class=\"fas fa-spa\"><\/i><\/span><\/div>\n\n\n\n<h3 class=\"wp-block-heading has-text-align-center\">Especializaciones 300 hr  <strong>online <\/strong><\/h3>\n\n\n\n<p class=\"has-text-align-center\">Formaciones especializadas dentro del programa de 300 horas Yoga Alliance.<\/p>\n\n\n\n<div class=\"wp-block-buttons is-content-justification-center is-layout-flex wp-container-core-buttons-is-layout-16018d1d wp-block-buttons-is-layout-flex\">\n<div class=\"wp-block-button has-custom-font-size is-style-primary\" style=\"font-size:15px\"><a class=\"wp-block-button__link wp-element-button\" href=\"https:\/\/yogaensintesismargarita.com\/index.php\/especializaciones-de-yoga-para-completar-300-horas\/\" style=\"border-radius:10px\" target=\"_blank\" rel=\"noreferrer noopener\">SABER MAS<\/a><\/div>\n<\/div>\n\n\n\n<p class=\"has-text-align-center\"><strong>Duraci\u00f3n:<\/strong> seg\u00fan especialidad<\/p>\n<\/div>\n\n\n\n<div id=\"wp-block-themeisle-blocks-advanced-column-3b960add\" class=\"wp-block-themeisle-blocks-advanced-column\">\n<div id=\"wp-block-themeisle-blocks-font-awesome-icons-d00a9b30\" class=\"wp-block-themeisle-blocks-font-awesome-icons\"><span class=\"wp-block-themeisle-blocks-font-awesome-icons-container\"><i class=\"fas fa-spa\"><\/i><\/span><\/div>\n\n\n\n<h3 class=\"wp-block-heading has-text-align-center\">Formaci\u00f3n 200 horas <strong>online <\/strong><\/h3>\n\n\n\n<p class=\"has-text-align-center\">Diplomado Internacional de Yoga 200 horas avalado por Yoga Alliance.<\/p>\n\n\n\n<div class=\"wp-block-buttons is-content-justification-center is-layout-flex wp-container-core-buttons-is-layout-16018d1d wp-block-buttons-is-layout-flex\">\n<div class=\"wp-block-button has-custom-font-size is-style-primary\" style=\"font-size:15px\"><a class=\"wp-block-button__link wp-element-button\" href=\"https:\/\/yogaensintesismargarita.com\/index.php\/diplomado-internacional-de-yoga-de-200-horas-en-linea\/\" style=\"border-radius:10px\" target=\"_blank\" rel=\"noreferrer noopener\">SABER MAS<\/a><\/div>\n<\/div>\n\n\n\n<p class=\"has-text-align-center\"><strong>Duraci\u00f3n:<\/strong> 3 semestres<\/p>\n<\/div>\n<\/div><\/div>\n\n\n\n<div id=\"wp-block-themeisle-blocks-advanced-columns-4b23d2a7\" class=\"wp-block-themeisle-blocks-advanced-columns alignfull has-1-columns has-desktop-equal-layout has-tablet-equal-layout has-mobile-equal-layout has-vertical-unset has-light-bg\"><div class=\"wp-block-themeisle-blocks-advanced-columns-overlay\"><\/div><div class=\"innerblocks-wrap\">\n<div id=\"wp-block-themeisle-blocks-advanced-column-bb15f75a\" class=\"wp-block-themeisle-blocks-advanced-column\">\n<div id=\"wp-block-themeisle-blocks-font-awesome-icons-de851078\" class=\"wp-block-themeisle-blocks-font-awesome-icons\"><span class=\"wp-block-themeisle-blocks-font-awesome-icons-container\"><i class=\"fas fa-spa\"><\/i><\/span><\/div>\n\n\n\n<h2 class=\"wp-block-heading has-text-align-center has-neve-text-color-color has-text-color\">Impartimos conocimiento sobre Yoga<\/h2>\n\n\n\n<figure class=\"wp-block-pullquote has-small-font-size\" style=\"border-style:none;border-width:0px;border-radius:0px;font-style:normal;font-weight:600\"><blockquote><p><em><strong><em><em>En el yoga tres cosas muy importantes siempre han de estar unidas en todo: el amor, el conocimiento y la acci\u00f3n.<\/em><\/em><\/strong><\/em><\/p><cite><strong><em>Bellur Krishnamachar Sundararaja Iyengar<\/em><\/strong><\/cite><\/blockquote><\/figure>\n\n\n\n<hr class=\"wp-block-separator has-text-color has-nv-dark-bg-color has-alpha-channel-opacity has-nv-dark-bg-background-color has-background is-style-default\"\/>\n<\/div>\n<\/div><\/div>\n\n\n\n<div id=\"wp-block-themeisle-blocks-advanced-columns-2bd7771c\" class=\"wp-block-themeisle-blocks-advanced-columns has-3-columns has-desktop-equal-layout has-tablet-equal-layout has-mobile-collapsedRows-layout has-vertical-center has-light-bg\"><div class=\"wp-block-themeisle-blocks-advanced-columns-overlay\"><\/div><div class=\"innerblocks-wrap\">\n<div id=\"wp-block-themeisle-blocks-advanced-column-6b2f0ea3\" class=\"wp-block-themeisle-blocks-advanced-column\">\n<figure class=\"wp-block-image size-full\"><img loading=\"lazy\" decoding=\"async\" width=\"491\" height=\"561\" src=\"https:\/\/yogaensintesismargarita.com\/wp-content\/uploads\/2023\/10\/yoga-en-sintesis-margarita-4.webp\" alt=\"\" class=\"wp-image-540\" style=\"aspect-ratio:1;object-fit:cover\" srcset=\"https:\/\/yogaensintesismargarita.com\/wp-content\/uploads\/2023\/10\/yoga-en-sintesis-margarita-4.webp 491w, https:\/\/yogaensintesismargarita.com\/wp-content\/uploads\/2023\/10\/yoga-en-sintesis-margarita-4-300x343.webp 300w, https:\/\/yogaensintesismargarita.com\/wp-content\/uploads\/2023\/10\/yoga-en-sintesis-margarita-4-263x300.webp 263w\" sizes=\"auto, (max-width: 491px) 100vw, 491px\" \/><\/figure>\n<\/div>\n\n\n\n<div id=\"wp-block-themeisle-blocks-advanced-column-fab8542b\" class=\"wp-block-themeisle-blocks-advanced-column\">\n<figure class=\"wp-block-image size-full\"><img loading=\"lazy\" decoding=\"async\" width=\"480\" height=\"590\" src=\"https:\/\/yogaensintesismargarita.com\/wp-content\/uploads\/2023\/10\/yoga14.png\" alt=\"\" class=\"wp-image-609\" style=\"aspect-ratio:1;object-fit:cover\" srcset=\"https:\/\/yogaensintesismargarita.com\/wp-content\/uploads\/2023\/10\/yoga14.png 480w, https:\/\/yogaensintesismargarita.com\/wp-content\/uploads\/2023\/10\/yoga14-300x369.png 300w, https:\/\/yogaensintesismargarita.com\/wp-content\/uploads\/2023\/10\/yoga14-244x300.png 244w\" sizes=\"auto, (max-width: 480px) 100vw, 480px\" \/><\/figure>\n<\/div>\n\n\n\n<div id=\"wp-block-themeisle-blocks-advanced-column-bdc329db\" class=\"wp-block-themeisle-blocks-advanced-column\">\n<figure class=\"wp-block-image size-full\"><img loading=\"lazy\" decoding=\"async\" width=\"491\" height=\"561\" src=\"https:\/\/yogaensintesismargarita.com\/wp-content\/uploads\/2023\/10\/yoga-en-sintesis-margarita-3.webp\" alt=\"\" class=\"wp-image-526\" style=\"aspect-ratio:1;object-fit:cover\" srcset=\"https:\/\/yogaensintesismargarita.com\/wp-content\/uploads\/2023\/10\/yoga-en-sintesis-margarita-3.webp 491w, https:\/\/yogaensintesismargarita.com\/wp-content\/uploads\/2023\/10\/yoga-en-sintesis-margarita-3-300x343.webp 300w, https:\/\/yogaensintesismargarita.com\/wp-content\/uploads\/2023\/10\/yoga-en-sintesis-margarita-3-263x300.webp 263w\" sizes=\"auto, (max-width: 491px) 100vw, 491px\" \/><\/figure>\n<\/div>\n<\/div><\/div>\n","protected":false},"excerpt":{"rendered":"","protected":false},"author":1,"featured_media":0,"parent":0,"menu_order":0,"comment_status":"closed","ping_status":"closed","template":"page-templates\/template-pagebuilder-full-width.php","meta":{"neve_meta_sidebar":"full-width","neve_meta_container":"","neve_meta_enable_content_width":"on","neve_meta_content_width":100,"neve_meta_title_alignment":"","neve_meta_author_avatar":"","neve_post_elements_order":"","neve_meta_disable_header":"","neve_meta_disable_footer":"","neve_meta_disable_title":"on","_themeisle_gutenberg_block_has_review":false,"footnotes":""},"class_list":["post-617","page","type-page","status-publish","hentry"],"_links":{"self":[{"href":"https:\/\/yogaensintesismargarita.com\/index.php\/wp-json\/wp\/v2\/pages\/617","targetHints":{"allow":["GET"]}}],"collection":[{"href":"https:\/\/yogaensintesismargarita.com\/index.php\/wp-json\/wp\/v2\/pages"}],"about":[{"href":"https:\/\/yogaensintesismargarita.com\/index.php\/wp-json\/wp\/v2\/types\/page"}],"author":[{"embeddable":true,"href":"https:\/\/yogaensintesismargarita.com\/index.php\/wp-json\/wp\/v2\/users\/1"}],"replies":[{"embeddable":true,"href":"https:\/\/yogaensintesismargarita.com\/index.php\/wp-json\/wp\/v2\/comments?post=617"}],"version-history":[{"count":49,"href":"https:\/\/yogaensintesismargarita.com\/index.php\/wp-json\/wp\/v2\/pages\/617\/revisions"}],"predecessor-version":[{"id":1822,"href":"https:\/\/yogaensintesismargarita.com\/index.php\/wp-json\/wp\/v2\/pages\/617\/revisions\/1822"}],"wp:attachment":[{"href":"https:\/\/yogaensintesismargarita.com\/index.php\/wp-json\/wp\/v2\/media?parent=617"}],"curies":[{"name":"wp","href":"https:\/\/api.w.org\/{rel}","templated":true}]}}