{"id":1240,"date":"2024-02-03T08:25:06","date_gmt":"2024-02-03T12:25:06","guid":{"rendered":"https:\/\/yogaensintesismargarita.com\/?page_id=1240"},"modified":"2024-04-29T21:29:07","modified_gmt":"2024-04-30T01:29:07","slug":"diplomado-internacional-de-yoga-de-200-horas-en-linea","status":"publish","type":"page","link":"https:\/\/yogaensintesismargarita.com\/index.php\/diplomado-internacional-de-yoga-de-200-horas-en-linea\/","title":{"rendered":"Diplomado Internacional de Yoga de 200 horas en l\u00ednea"},"content":{"rendered":"\n<div id=\"wp-block-themeisle-blocks-advanced-columns-de58857b\" class=\"wp-block-themeisle-blocks-advanced-columns has-1-columns has-desktop-equal-layout has-tablet-equal-layout has-mobile-equal-layout has-vertical-center\"><div class=\"wp-block-themeisle-blocks-advanced-columns-overlay\"><\/div><div class=\"innerblocks-wrap\">\n<div id=\"wp-block-themeisle-blocks-advanced-column-41adb017\" class=\"wp-block-themeisle-blocks-advanced-column\">\n<div id=\"wp-block-themeisle-blocks-advanced-columns-06283d07\" class=\"wp-block-themeisle-blocks-advanced-columns has-1-columns has-desktop-equal-layout has-tablet-equal-layout has-mobile-equal-layout has-vertical-unset\"><div class=\"wp-block-themeisle-blocks-advanced-columns-overlay\"><\/div><div class=\"innerblocks-wrap\">\n<div id=\"wp-block-themeisle-blocks-advanced-column-c7e2bdce\" class=\"wp-block-themeisle-blocks-advanced-column\">\n<div style=\"height:291px\" aria-hidden=\"true\" class=\"wp-block-spacer\"><\/div>\n<\/div>\n<\/div><\/div>\n<\/div>\n<\/div><\/div>\n\n\n\n<div id=\"wp-block-themeisle-blocks-advanced-columns-8968042e\" class=\"wp-block-themeisle-blocks-advanced-columns alignfull has-1-columns has-desktop-equal-layout has-tablet-equal-layout has-mobile-equal-layout has-vertical-unset\"><div class=\"wp-block-themeisle-blocks-advanced-columns-overlay\"><\/div><div class=\"innerblocks-wrap\">\n<div id=\"wp-block-themeisle-blocks-advanced-column-a01a1e08\" class=\"wp-block-themeisle-blocks-advanced-column\">\n<h2 class=\"wp-block-heading has-text-align-left has-nv-c-2-color has-text-color\" style=\"font-size:30px\">Tanto en formato Presencial como en formato On Line<\/h2>\n\n\n\n<h1 class=\"wp-block-heading has-text-align-left has-neve-link-color-color has-text-color\" style=\"font-size:95px;font-style:normal;font-weight:800\">ELIGE ENTRE DOS MODALIDADES DE ESTUDIO<\/h1>\n\n\n\n<h2 class=\"wp-block-heading has-text-align-left has-neve-text-color-color has-text-color\" style=\"font-size:30px\"><strong>Modalidad Practicantes  <\/strong>     <strong>o<\/strong>    <strong> Modalidad Formaci\u00f3n de Profesores<\/strong><\/h2>\n\n\n\n<hr class=\"wp-block-separator has-text-color has-neve-link-hover-color-color has-css-opacity has-neve-link-hover-color-background-color has-background\"\/>\n\n\n\n<div class=\"wp-block-buttons is-content-justification-space-between is-layout-flex wp-container-core-buttons-is-layout-3d213aab wp-block-buttons-is-layout-flex\">\n<div class=\"wp-block-button is-style-primary\"><a class=\"wp-block-button__link wp-element-button\" href=\"https:\/\/yogaensintesismargarita.com\/wp-content\/uploads\/2024\/02\/Informacion-Diplomado-de-Yoga-2024-2025.pdf\" style=\"border-radius:10px\" target=\"_blank\" rel=\"noreferrer noopener\">VER PENSUM<\/a><\/div>\n\n\n\n<div class=\"wp-block-button is-style-primary\"><a class=\"wp-block-button__link has-text-align-center wp-element-button\" href=\"https:\/\/yogaensintesismargarita.com\/index.php\/inscripcion\/\" style=\"border-radius:10px\" target=\"_blank\" rel=\"noreferrer noopener\">INSCRIBIRME<\/a><\/div>\n<\/div>\n\n\n\n<div class=\"wp-block-columns is-layout-flex wp-container-core-columns-is-layout-9d6595d7 wp-block-columns-is-layout-flex\">\n<div class=\"wp-block-column is-layout-flow wp-block-column-is-layout-flow\" style=\"flex-basis:100%\">\n<div class=\"wp-block-group is-vertical is-layout-flex wp-container-core-group-is-layout-76a81b31 wp-block-group-is-layout-flex\">\n<div class=\"wp-block-columns are-vertically-aligned-center is-layout-flex wp-container-core-columns-is-layout-9d6595d7 wp-block-columns-is-layout-flex\">\n<div class=\"wp-block-column is-vertically-aligned-center is-layout-flow wp-block-column-is-layout-flow\" style=\"flex-basis:40%\">\n<p><\/p>\n\n\n\n<p class=\"has-text-align-left has-nv-c-2-color has-text-color\" style=\"font-size:39px\"><strong>Para iniciarte <\/strong><\/p>\n\n\n\n<p class=\"has-text-align-left has-nv-c-2-color has-text-color\" style=\"font-size:39px\"><strong>desde cero en una<\/strong><\/p>\n\n\n\n<p class=\"has-text-align-left has-nv-c-2-color has-text-color\" style=\"font-size:39px\"><strong>pr\u00e1ctica de Yoga<\/strong><\/p>\n\n\n\n<p class=\"has-text-align-left has-nv-c-2-color has-text-color\" style=\"font-size:39px\"><strong>consistente y <\/strong><\/p>\n\n\n\n<p class=\"has-text-align-left has-nv-c-2-color has-text-color\" style=\"font-size:39px\"><strong>segura en l\u00ednea<\/strong> <\/p>\n<\/div>\n\n\n\n<div class=\"wp-block-column is-vertically-aligned-center is-layout-flow wp-block-column-is-layout-flow\" style=\"flex-basis:35%\">\n<p><\/p>\n\n\n\n<p class=\"has-text-align-left has-nv-c-2-color has-text-color\" style=\"font-size:18px\"><strong>proponemos 3 m\u00f3dulos especializados<\/strong><\/p>\n\n\n\n<p class=\"has-nv-c-2-color has-text-color\" style=\"font-size:25px\"><strong>GHATASTHA YOGA<\/strong> <\/p>\n\n\n\n<p class=\"has-nv-c-2-color has-text-color\" style=\"font-size:25px\"><strong>HATHA KRIYA YOGA<\/strong> <\/p>\n\n\n\n<p class=\"has-nv-c-2-color has-text-color\" style=\"font-size:25px\"><strong>RAJA YOGA<\/strong><\/p>\n<\/div>\n\n\n\n<div class=\"wp-block-column is-vertically-aligned-center is-layout-flow wp-block-column-is-layout-flow\" style=\"flex-basis:25%\">\n<p><\/p>\n\n\n\n<p class=\"has-text-align-left has-nv-c-2-color has-text-color\"><strong>agrupados en un Diplomado de Yoga con aval internacional, estructurado acad\u00e9micamente en 18 talleres de 12 horas de capacitaci\u00f3n te\u00f3rico-pr\u00e1cticas cada uno, agrupados en tres semestres o seminarios especializados. Clases en vivo por Zoom y disponibles en la plataforma Moodle<\/strong><\/p>\n<\/div>\n<\/div>\n\n\n\n<p><\/p>\n\n\n\n<figure class=\"wp-block-pullquote has-text-align-left has-neve-link-color-color has-text-color has-small-font-size\"><blockquote><p><strong>Brindamos la plataforma ideal para cursar este diplomado bajo la modalidad OnLine<br><\/strong>Esta modalidad cuenta con la homologaci\u00f3n de Yoga Alliance USA<\/p><\/blockquote><\/figure>\n<\/div>\n<\/div>\n<\/div>\n\n\n\n<p><strong>Para conocer los objetivos y el temario de cada uno de los  talleres, puedes acceder al pensum aqu\u00ed:<\/strong><\/p>\n\n\n\n<div class=\"wp-block-buttons is-content-justification-center is-layout-flex wp-container-core-buttons-is-layout-16018d1d wp-block-buttons-is-layout-flex\">\n<div class=\"wp-block-button is-style-primary\"><a class=\"wp-block-button__link wp-element-button\" href=\"https:\/\/yogaensintesismargarita.com\/wp-content\/uploads\/2024\/02\/Informacion-Diplomado-de-Yoga-2024-2025.pdf\" style=\"border-radius:10px\" target=\"_blank\" rel=\"noreferrer noopener\">VER PENSUM<\/a><\/div>\n<\/div>\n\n\n\n<div class=\"wp-block-group is-vertical is-content-justification-center is-layout-flex wp-container-core-group-is-layout-4b2eccd6 wp-block-group-is-layout-flex\"><\/div>\n<\/div>\n<\/div><\/div>\n\n\n\n<div style=\"height:45px\" aria-hidden=\"true\" class=\"wp-block-spacer\"><\/div>\n\n\n\n<div id=\"wp-block-themeisle-blocks-advanced-columns-c1a3da1c\" class=\"wp-block-themeisle-blocks-advanced-columns has-1-columns has-desktop-equal-layout has-tablet-equal-layout has-mobile-equal-layout has-vertical-unset\"><div class=\"wp-block-themeisle-blocks-advanced-columns-overlay\"><\/div><div class=\"innerblocks-wrap\">\n<div id=\"wp-block-themeisle-blocks-advanced-column-cb8984d3\" class=\"wp-block-themeisle-blocks-advanced-column has-light-bg\">\n<div style=\"height:43px\" aria-hidden=\"true\" class=\"wp-block-spacer\"><\/div>\n\n\n\n<h2 class=\"wp-block-heading has-text-align-center has-neve-link-color-color has-text-color\"><strong>Pr\u00f3ximo taller en l\u00ednea<\/strong> <\/h2>\n\n\n\n<h3 class=\"wp-block-heading has-text-align-center has-neve-text-color-color has-text-color\"><strong>4 y 5 de mayo<\/strong><\/h3>\n\n\n\n<div style=\"height:43px\" aria-hidden=\"true\" class=\"wp-block-spacer\"><\/div>\n\n\n\n<figure class=\"wp-block-image alignwide size-large\"><img loading=\"lazy\" decoding=\"async\" width=\"1024\" height=\"341\" src=\"https:\/\/yogaensintesismargarita.com\/wp-content\/uploads\/2024\/04\/yoga-en-la-playa-6-1024x341.jpg\" alt=\"\" class=\"wp-image-1875\" srcset=\"https:\/\/yogaensintesismargarita.com\/wp-content\/uploads\/2024\/04\/yoga-en-la-playa-6-1024x341.jpg 1024w, https:\/\/yogaensintesismargarita.com\/wp-content\/uploads\/2024\/04\/yoga-en-la-playa-6-300x100.jpg 300w, https:\/\/yogaensintesismargarita.com\/wp-content\/uploads\/2024\/04\/yoga-en-la-playa-6-768x256.jpg 768w, https:\/\/yogaensintesismargarita.com\/wp-content\/uploads\/2024\/04\/yoga-en-la-playa-6-1536x512.jpg 1536w, https:\/\/yogaensintesismargarita.com\/wp-content\/uploads\/2024\/04\/yoga-en-la-playa-6-2048x683.jpg 2048w\" sizes=\"auto, (max-width: 1024px) 100vw, 1024px\" \/><\/figure>\n\n\n\n<div style=\"height:43px\" aria-hidden=\"true\" class=\"wp-block-spacer\"><\/div>\n<\/div>\n<\/div><\/div>\n\n\n\n<div style=\"height:43px\" aria-hidden=\"true\" class=\"wp-block-spacer\"><\/div>\n\n\n\n<div class=\"wp-block-columns alignfull is-layout-flex wp-container-core-columns-is-layout-9d6595d7 wp-block-columns-is-layout-flex\">\n<div class=\"wp-block-column is-layout-flow wp-block-column-is-layout-flow\">\n<div class=\"wp-block-columns alignwide is-layout-flex wp-container-core-columns-is-layout-9d6595d7 wp-block-columns-is-layout-flex\" style=\"font-size:15px\">\n<div class=\"wp-block-column is-layout-flow wp-block-column-is-layout-flow\">\n<div class=\"wp-block-buttons is-content-justification-center is-layout-flex wp-container-core-buttons-is-layout-16018d1d wp-block-buttons-is-layout-flex\">\n<div class=\"wp-block-button has-custom-font-size is-style-primary\" style=\"font-size:20px\"><a class=\"wp-block-button__link has-text-align-center wp-element-button\" href=\"https:\/\/yogaensintesismargarita.com\/index.php\/product\/taller-en-linea-febrero-sencillo\/\" style=\"border-radius:10px\" target=\"_blank\" rel=\"noreferrer noopener\">Ticket Sencillo: 30$<\/a><\/div>\n<\/div>\n\n\n\n<blockquote class=\"wp-block-quote is-layout-flow wp-block-quote-is-layout-flow\">\n<p>Pase v\u00e1lido para un d\u00eda del evento (solo para 6 horas de un taller). <strong>Esta modalidad aplica para personas que deseen tomar un solo d\u00eda de talleres parciales y\/o aislados,<\/strong> sin que ello represente ser alumno regular del Diplomado de Yoga. No incluye suministro del material Digital de estudio ni la presentaci\u00f3n en PDF que proporciona el profesor de cada taller.<\/p>\n<\/blockquote>\n<\/div>\n\n\n\n<div class=\"wp-block-column is-layout-flow wp-block-column-is-layout-flow\">\n<div class=\"wp-block-buttons is-content-justification-center is-layout-flex wp-container-core-buttons-is-layout-16018d1d wp-block-buttons-is-layout-flex\">\n<div class=\"wp-block-button has-custom-font-size is-style-primary\" style=\"font-size:20px\"><a class=\"wp-block-button__link has-text-align-center wp-element-button\" href=\"https:\/\/yogaensintesismargarita.com\/index.php\/product\/taller-febrero-en-linea-oro\/\" style=\"border-radius:10px\" target=\"_blank\" rel=\"noreferrer noopener\"><strong>Ticket Dorado: 40$<\/strong><\/a><\/div>\n<\/div>\n\n\n\n<div style=\"height:39px\" aria-hidden=\"true\" class=\"wp-block-spacer\"><\/div>\n\n\n\n<p>Pase v\u00e1lido para dos d\u00edas del evento (solo para 12 horas de un taller). <strong>Esta modalidad aplica para personas que deseen talleres aislados,<\/strong> sin que ello represente ser alumno regular del Diplomado de Yoga. No incluye suministro del material Digital de estudio ni la presentaci\u00f3n en PDF que proporciona el profesor de cada taller.<\/p>\n<\/div>\n\n\n\n<div class=\"wp-block-column is-layout-flow wp-block-column-is-layout-flow\">\n<div class=\"wp-block-buttons is-content-justification-center is-layout-flex wp-container-core-buttons-is-layout-16018d1d wp-block-buttons-is-layout-flex\">\n<div class=\"wp-block-button has-custom-font-size is-style-primary\" style=\"font-size:20px\"><a class=\"wp-block-button__link has-text-align-center wp-element-button\" href=\"https:\/\/yogaensintesismargarita.com\/index.php\/product\/taller-febrero-en-line-platino\/\" style=\"border-radius:10px\" target=\"_blank\" rel=\"noreferrer noopener\">Ticket Platino: 50$<\/a><\/div>\n<\/div>\n\n\n\n<div style=\"height:39px\" aria-hidden=\"true\" class=\"wp-block-spacer\"><\/div>\n\n\n\n<p>V\u00e1lido para un talleres de 12 horas. <strong>Est\u00e1 modalidad est\u00e1 concebida tanto para el publico en general, como para estudiantes inscritos en la formaci\u00f3n<\/strong> y contempla solo la asistencia a los talleres de manera regular los dos d\u00edas del evento. Incluye suministro del material Digital de estudio suministrado por el Profesor y la presentaci\u00f3n en PDF que proporciona el profesor de cada taller. Incluye participar en 8 clases de yogasanas con el grupo de  Yoghismo.<\/p>\n<\/div>\n\n\n\n<div class=\"wp-block-column is-layout-flow wp-block-column-is-layout-flow\">\n<div class=\"wp-block-buttons is-content-justification-center is-layout-flex wp-container-core-buttons-is-layout-16018d1d wp-block-buttons-is-layout-flex\">\n<div class=\"wp-block-button has-custom-font-size is-style-primary\" style=\"font-size:20px\"><a class=\"wp-block-button__link has-text-align-center wp-element-button\" href=\"https:\/\/yogaensintesismargarita.com\/index.php\/product\/taller-febrero-en-linea-diamante\/\" style=\"border-radius:10px\" target=\"_blank\" rel=\"noreferrer noopener\">Ticket Diamante 60$<\/a><\/div>\n<\/div>\n\n\n\n<div style=\"height:39px\" aria-hidden=\"true\" class=\"wp-block-spacer\"><\/div>\n\n\n\n<p><strong>Solo para residentes en la isla de Margarita.<\/strong><\/p>\n\n\n\n<p>V\u00e1lido para un taller de 12 horas. <strong>Est\u00e1 modalidad est\u00e1 concebida para estudiantes inscritos en la formaci\u00f3n<\/strong> y contempla la asistencia a los talleres de manera regular los dos d\u00edas del evento, con el plus de recibir un libro + el certificado del m\u00f3dulo al ser completados los 6 talleres que comprenden el m\u00f3dulo cursado. Incluye suministro del material Digital de estudio suministrado por el Profesor y la presentaci\u00f3n en PDF que proporciona el profesor de cada taller. Bajo esta modalidad, al completarse los 3 m\u00f3dulos y habiendo cursado las 12 horas de los 18 talleres, el alumno recibir\u00e1 los libros Una Clase de Yoga, Del Pranayama al Pranasanyama y Las tres dimensiones del Yoga; as\u00ed como los certificados de Instructor de Gathastha Yoga, Instructor de Hatha Kriya Yoga e Instructor de Raja Yoga. (Cada Semestre incluye 1 Libro + el Certificado de Instructor). Incluye participar en 8 clases de yogasanas con el grupo de Yoghismo.<\/p>\n<\/div>\n<\/div>\n<\/div>\n<\/div>\n\n\n\n<div id=\"wp-block-themeisle-blocks-advanced-columns-4b23d2a7\" class=\"wp-block-themeisle-blocks-advanced-columns alignfull has-1-columns has-desktop-equal-layout has-tablet-equal-layout has-mobile-equal-layout has-vertical-unset has-light-bg\"><div class=\"wp-block-themeisle-blocks-advanced-columns-overlay\"><\/div><div class=\"innerblocks-wrap\">\n<div id=\"wp-block-themeisle-blocks-advanced-column-bb15f75a\" class=\"wp-block-themeisle-blocks-advanced-column\">\n<div id=\"wp-block-themeisle-blocks-font-awesome-icons-de851078\" class=\"wp-block-themeisle-blocks-font-awesome-icons\"><span class=\"wp-block-themeisle-blocks-font-awesome-icons-container\"><i class=\"fas fa-spa\"><\/i><\/span><\/div>\n\n\n\n<h2 class=\"wp-block-heading has-text-align-center\">Impartimos conocimiento sobre Yoga<\/h2>\n\n\n\n<figure class=\"wp-block-pullquote has-nv-light-bg-background-color has-background\" style=\"border-style:none;border-width:0px;border-radius:0px;font-size:14px;font-style:normal;font-weight:600\"><blockquote><p>Brindamos la plataforma ideal para convertirte en un practicante experto y, si es tu deseo, certificarte como profesor de Yoga con nuestros Diplomados y Certificaciones<br>de 200 y 300 horas avalados por Yoga Alliance USA<\/p><\/blockquote><\/figure>\n\n\n\n<hr class=\"wp-block-separator has-text-color has-nv-dark-bg-color has-alpha-channel-opacity has-nv-dark-bg-background-color has-background\"\/>\n<\/div>\n<\/div><\/div>\n\n\n\n<div style=\"height:22px\" aria-hidden=\"true\" class=\"wp-block-spacer\"><\/div>\n\n\n\n<div id=\"wp-block-themeisle-blocks-slider-147ac2ed\" class=\"wp-block-themeisle-blocks-slider glide\" data-per-view=\"4\" data-gap=\"7\" data-peek=\"7\" data-autoplay=\"true\" data-height=\"400px\" data-hide-arrows=\"false\"><div class=\"glide__track\" data-glide-el=\"track\"><div class=\"glide__slides\"><div class=\"wp-block-themeisle-blocks-slider-item-wrapper glide__slide\" tabindex=\"0\"><figure><img decoding=\"async\" class=\"wp-block-themeisle-blocks-slider-item\" src=\"https:\/\/yogaensintesismargarita.com\/wp-content\/uploads\/2023\/10\/yoga14.png\" alt=\"\" title=\"\" data-id=\"609\"\/><\/figure><\/div><div class=\"wp-block-themeisle-blocks-slider-item-wrapper glide__slide\" tabindex=\"0\"><figure><img decoding=\"async\" class=\"wp-block-themeisle-blocks-slider-item\" src=\"https:\/\/yogaensintesismargarita.com\/wp-content\/uploads\/2023\/10\/yoga-en-sintesis-margarita-5.webp\" alt=\"\" title=\"\" data-id=\"608\"\/><\/figure><\/div><div class=\"wp-block-themeisle-blocks-slider-item-wrapper glide__slide\" tabindex=\"0\"><figure><img decoding=\"async\" class=\"wp-block-themeisle-blocks-slider-item\" src=\"https:\/\/yogaensintesismargarita.com\/wp-content\/uploads\/2023\/10\/yoga-en-sintesis-margarita-3.webp\" alt=\"\" title=\"\" data-id=\"526\"\/><\/figure><\/div><div class=\"wp-block-themeisle-blocks-slider-item-wrapper glide__slide\" tabindex=\"0\"><figure><img decoding=\"async\" class=\"wp-block-themeisle-blocks-slider-item\" src=\"https:\/\/yogaensintesismargarita.com\/wp-content\/uploads\/2023\/10\/IMG_4365-1.jpg\" alt=\"\" title=\"\" data-id=\"496\"\/><\/figure><\/div><div class=\"wp-block-themeisle-blocks-slider-item-wrapper glide__slide\" tabindex=\"0\"><figure><img decoding=\"async\" class=\"wp-block-themeisle-blocks-slider-item\" src=\"https:\/\/yogaensintesismargarita.com\/wp-content\/uploads\/2023\/10\/yoga-en-sintesis-margarita-4.webp\" alt=\"\" title=\"\" data-id=\"540\"\/><\/figure><\/div><div class=\"wp-block-themeisle-blocks-slider-item-wrapper glide__slide\" tabindex=\"0\"><figure><img decoding=\"async\" class=\"wp-block-themeisle-blocks-slider-item\" src=\"https:\/\/yogaensintesismargarita.com\/wp-content\/uploads\/2023\/10\/IMG_3797-scaled.jpg\" alt=\"\" title=\"\" data-id=\"433\"\/><\/figure><\/div><div class=\"wp-block-themeisle-blocks-slider-item-wrapper glide__slide\" tabindex=\"0\"><figure><img decoding=\"async\" class=\"wp-block-themeisle-blocks-slider-item\" src=\"https:\/\/yogaensintesismargarita.com\/wp-content\/uploads\/2023\/10\/Foto-grupal_Propuesta1-1-scaled.jpg\" alt=\"\" title=\"\" data-id=\"436\"\/><\/figure><\/div><div class=\"wp-block-themeisle-blocks-slider-item-wrapper glide__slide\" tabindex=\"0\"><figure><img decoding=\"async\" class=\"wp-block-themeisle-blocks-slider-item\" src=\"https:\/\/yogaensintesismargarita.com\/wp-content\/uploads\/2023\/10\/yoga5.png\" alt=\"\" title=\"\" data-id=\"222\"\/><\/figure><\/div><div class=\"wp-block-themeisle-blocks-slider-item-wrapper glide__slide\" tabindex=\"0\"><figure><img decoding=\"async\" class=\"wp-block-themeisle-blocks-slider-item\" src=\"https:\/\/yogaensintesismargarita.com\/wp-content\/uploads\/2023\/10\/yoga6.png\" alt=\"\" title=\"\" data-id=\"224\"\/><\/figure><\/div><div class=\"wp-block-themeisle-blocks-slider-item-wrapper glide__slide\" tabindex=\"0\"><figure><img decoding=\"async\" class=\"wp-block-themeisle-blocks-slider-item\" src=\"https:\/\/yogaensintesismargarita.com\/wp-content\/uploads\/2023\/10\/yoga-en-sintesis-margarita-2.webp\" alt=\"\" title=\"\" data-id=\"245\"\/><\/figure><\/div><div class=\"wp-block-themeisle-blocks-slider-item-wrapper glide__slide\" tabindex=\"0\"><figure><img decoding=\"async\" class=\"wp-block-themeisle-blocks-slider-item\" src=\"https:\/\/yogaensintesismargarita.com\/wp-content\/uploads\/2023\/10\/yoga-en-sintesis-margarita-1.webp\" alt=\"\" title=\"\" data-id=\"237\"\/><\/figure><\/div><div class=\"wp-block-themeisle-blocks-slider-item-wrapper glide__slide\" tabindex=\"0\"><figure><img decoding=\"async\" class=\"wp-block-themeisle-blocks-slider-item\" src=\"https:\/\/yogaensintesismargarita.com\/wp-content\/uploads\/2023\/10\/yoga4.png\" alt=\"\" title=\"\" data-id=\"220\"\/><\/figure><\/div><\/div><\/div><\/div>\n\n\n\n<div style=\"height:20px\" aria-hidden=\"true\" class=\"wp-block-spacer\"><\/div>\n","protected":false},"excerpt":{"rendered":"<p>Pase v\u00e1lido para un d\u00eda del evento (solo para 6 horas de un taller). Esta modalidad aplica para personas que deseen tomar un solo d\u00eda de talleres parciales y\/o aislados, sin que ello represente ser alumno regular del Diplomado de Yoga. No incluye suministro del material Digital de estudio ni la presentaci\u00f3n en PDF que&hellip;&nbsp;<a href=\"https:\/\/yogaensintesismargarita.com\/index.php\/diplomado-internacional-de-yoga-de-200-horas-en-linea\/\" rel=\"bookmark\">Leer m\u00e1s &raquo;<span class=\"screen-reader-text\">Diplomado Internacional de Yoga de 200 horas en l\u00ednea<\/span><\/a><\/p>\n","protected":false},"author":2,"featured_media":0,"parent":0,"menu_order":0,"comment_status":"closed","ping_status":"closed","template":"page-templates\/template-pagebuilder-full-width.php","meta":{"neve_meta_sidebar":"full-width","neve_meta_container":"","neve_meta_enable_content_width":"on","neve_meta_content_width":100,"neve_meta_title_alignment":"","neve_meta_author_avatar":"","neve_post_elements_order":"","neve_meta_disable_header":"","neve_meta_disable_footer":"","neve_meta_disable_title":"on","_themeisle_gutenberg_block_has_review":false,"footnotes":""},"class_list":["post-1240","page","type-page","status-publish","hentry"],"_links":{"self":[{"href":"https:\/\/yogaensintesismargarita.com\/index.php\/wp-json\/wp\/v2\/pages\/1240","targetHints":{"allow":["GET"]}}],"collection":[{"href":"https:\/\/yogaensintesismargarita.com\/index.php\/wp-json\/wp\/v2\/pages"}],"about":[{"href":"https:\/\/yogaensintesismargarita.com\/index.php\/wp-json\/wp\/v2\/types\/page"}],"author":[{"embeddable":true,"href":"https:\/\/yogaensintesismargarita.com\/index.php\/wp-json\/wp\/v2\/users\/2"}],"replies":[{"embeddable":true,"href":"https:\/\/yogaensintesismargarita.com\/index.php\/wp-json\/wp\/v2\/comments?post=1240"}],"version-history":[{"count":26,"href":"https:\/\/yogaensintesismargarita.com\/index.php\/wp-json\/wp\/v2\/pages\/1240\/revisions"}],"predecessor-version":[{"id":1880,"href":"https:\/\/yogaensintesismargarita.com\/index.php\/wp-json\/wp\/v2\/pages\/1240\/revisions\/1880"}],"wp:attachment":[{"href":"https:\/\/yogaensintesismargarita.com\/index.php\/wp-json\/wp\/v2\/media?parent=1240"}],"curies":[{"name":"wp","href":"https:\/\/api.w.org\/{rel}","templated":true}]}}