{"id":110,"date":"2020-05-17T19:37:44","date_gmt":"2020-05-17T17:37:44","guid":{"rendered":"https:\/\/demosites.io\/yoga-studio-gb\/?page_id=110"},"modified":"2024-03-02T13:29:41","modified_gmt":"2024-03-02T17:29:41","slug":"formaciones","status":"publish","type":"page","link":"https:\/\/yogaensintesismargarita.com\/index.php\/formaciones\/","title":{"rendered":"Formaciones"},"content":{"rendered":"\n<div id=\"wp-block-themeisle-blocks-advanced-columns-de58857b\" class=\"wp-block-themeisle-blocks-advanced-columns alignfull has-1-columns has-desktop-equal-layout has-tablet-equal-layout has-mobile-equal-layout has-vertical-unset\"><div class=\"wp-block-themeisle-blocks-advanced-columns-overlay\"><\/div><div class=\"innerblocks-wrap\">\n<div id=\"wp-block-themeisle-blocks-advanced-column-f2953736\" class=\"wp-block-themeisle-blocks-advanced-column\"><div class=\"wp-block-image\">\n<figure class=\"aligncenter size-full is-resized\"><img loading=\"lazy\" decoding=\"async\" width=\"512\" height=\"512\" src=\"https:\/\/yogaensintesismargarita.com\/wp-content\/uploads\/2023\/10\/cropped-Diseno-sin-titulo-1.png\" alt=\"\" class=\"wp-image-206\" style=\"width:77px\" srcset=\"https:\/\/yogaensintesismargarita.com\/wp-content\/uploads\/2023\/10\/cropped-Diseno-sin-titulo-1.png 512w, https:\/\/yogaensintesismargarita.com\/wp-content\/uploads\/2023\/10\/cropped-Diseno-sin-titulo-1-300x300.png 300w, https:\/\/yogaensintesismargarita.com\/wp-content\/uploads\/2023\/10\/cropped-Diseno-sin-titulo-1-150x150.png 150w, https:\/\/yogaensintesismargarita.com\/wp-content\/uploads\/2023\/10\/cropped-Diseno-sin-titulo-1-100x100.png 100w, https:\/\/yogaensintesismargarita.com\/wp-content\/uploads\/2023\/10\/cropped-Diseno-sin-titulo-1-270x270.png 270w, https:\/\/yogaensintesismargarita.com\/wp-content\/uploads\/2023\/10\/cropped-Diseno-sin-titulo-1-192x192.png 192w, https:\/\/yogaensintesismargarita.com\/wp-content\/uploads\/2023\/10\/cropped-Diseno-sin-titulo-1-180x180.png 180w, https:\/\/yogaensintesismargarita.com\/wp-content\/uploads\/2023\/10\/cropped-Diseno-sin-titulo-1-32x32.png 32w\" sizes=\"auto, (max-width: 512px) 100vw, 512px\" \/><\/figure>\n<\/div>\n\n\n<h2 id=\"wp-block-themeisle-blocks-advanced-heading-a755bdf2\" class=\"wp-block-themeisle-blocks-advanced-heading wp-block-themeisle-blocks-advanced-heading-a755bdf2\">Nuestras formaciones<\/h2>\n<\/div>\n<\/div><\/div>\n\n\n\n<div id=\"wp-block-themeisle-blocks-advanced-columns-8968042e\" class=\"wp-block-themeisle-blocks-advanced-columns alignfull has-1-columns has-desktop-equal-layout has-tablet-equal-layout has-mobile-equal-layout has-vertical-unset\"><div class=\"wp-block-themeisle-blocks-advanced-columns-overlay\"><\/div><div class=\"innerblocks-wrap\">\n<div id=\"wp-block-themeisle-blocks-advanced-column-a01a1e08\" class=\"wp-block-themeisle-blocks-advanced-column\">\n<h2 class=\"wp-block-heading has-text-align-center\"><strong>Nuestra Oferta Acad\u00e9mica<\/strong><\/h2>\n\n\n\n<hr class=\"wp-block-separator has-text-color has-neve-link-hover-color-color has-css-opacity has-neve-link-hover-color-background-color has-background\"\/>\n\n\n\n<p class=\"has-text-align-center\">Lleva tu pr\u00e1ctica de Yoga a otro nivel. F\u00f3rmate y\/o certif\u00edcate junto a nosotros. <\/p>\n\n\n\n<p class=\"has-text-align-center\">Contamos con un Diplomado Internacional de Yoga de 200 horas de capacitaci\u00f3n, y mas de 35 especialidades para la profundizaci\u00f3n en el conocimiento y el estudio de esta milenaria disciplina.<\/p>\n\n\n\n<p class=\"has-text-align-center\">\u200bNuestro m\u00e9todo de ense\u00f1anza se fundamenta en dos niveles de capacitaci\u00f3n: uno inicial, de 200 Horas y un abanico de especializaciones para completar 300 Horas de capacitaci\u00f3n para sumar 500 horas de maestr\u00eda. <\/p>\n\n\n\n<p class=\"has-text-align-center\"><strong>Para ello disponemos varios formatos o modalidades de estudios:<\/strong><\/p>\n<\/div>\n<\/div><\/div>\n\n\n\n<div id=\"wp-block-themeisle-blocks-advanced-columns-cee39d30\" class=\"wp-block-themeisle-blocks-advanced-columns alignfull has-3-columns has-desktop-equal-layout has-tablet-equal-layout has-mobile-collapsedRows-layout has-vertical-unset has-light-bg\"><div class=\"wp-block-themeisle-blocks-advanced-columns-overlay\"><\/div><div class=\"innerblocks-wrap\">\n<div id=\"wp-block-themeisle-blocks-advanced-column-3cf44e56\" class=\"wp-block-themeisle-blocks-advanced-column\"><div class=\"wp-block-image\">\n<figure class=\"aligncenter size-full is-resized\"><img loading=\"lazy\" decoding=\"async\" width=\"512\" height=\"512\" src=\"https:\/\/yogaensintesismargarita.com\/wp-content\/uploads\/2023\/10\/cropped-Diseno-sin-titulo-1.png\" alt=\"\" class=\"wp-image-206\" style=\"width:90px\" srcset=\"https:\/\/yogaensintesismargarita.com\/wp-content\/uploads\/2023\/10\/cropped-Diseno-sin-titulo-1.png 512w, https:\/\/yogaensintesismargarita.com\/wp-content\/uploads\/2023\/10\/cropped-Diseno-sin-titulo-1-300x300.png 300w, https:\/\/yogaensintesismargarita.com\/wp-content\/uploads\/2023\/10\/cropped-Diseno-sin-titulo-1-150x150.png 150w, https:\/\/yogaensintesismargarita.com\/wp-content\/uploads\/2023\/10\/cropped-Diseno-sin-titulo-1-100x100.png 100w, https:\/\/yogaensintesismargarita.com\/wp-content\/uploads\/2023\/10\/cropped-Diseno-sin-titulo-1-270x270.png 270w, https:\/\/yogaensintesismargarita.com\/wp-content\/uploads\/2023\/10\/cropped-Diseno-sin-titulo-1-192x192.png 192w, https:\/\/yogaensintesismargarita.com\/wp-content\/uploads\/2023\/10\/cropped-Diseno-sin-titulo-1-180x180.png 180w, https:\/\/yogaensintesismargarita.com\/wp-content\/uploads\/2023\/10\/cropped-Diseno-sin-titulo-1-32x32.png 32w\" sizes=\"auto, (max-width: 512px) 100vw, 512px\" \/><\/figure>\n<\/div>\n\n\n<p><\/p>\n\n\n\n<h3 class=\"wp-block-heading has-text-align-center has-neve-link-color-color has-text-color\"><strong>Diplomado Internacional de Yoga de 200 horas<\/strong> <\/h3>\n\n\n\n<p><\/p>\n\n\n\n<h3 class=\"wp-block-heading has-text-align-center has-nv-c-2-color has-text-color\"><strong>PRESENCIAL<\/strong><\/h3>\n\n\n\n<p>\u00a0<\/p>\n<p style=\"text-align: center;\">En esta certificaci\u00f3n, te formaremos como alumno experto de yoga y profesor capacitado para impartir clases multinivel a partir de un programa integral.\u00a0La formaci\u00f3n tiene una duraci\u00f3n de 18 meses y se lleva a cabo un fin de semana al mes.<\/p>\n<p style=\"text-align: center;\">En cada taller, tendr\u00e1s la oportunidad de aprender de la mano de un profesor diferente especialista en el tema.<\/p>\n<p style=\"text-align: center;\">Cuenta con el aval de la Asociaci\u00f3n Internacional de Yoga y Yoghismo de M\u00e9xico y Yoga Alliance USA.<\/p>\n<p style=\"text-align: center;\"><strong>(RYS 200 horas)<\/strong><\/p>\n\n\n\n<div class=\"wp-block-buttons is-content-justification-center is-layout-flex wp-container-core-buttons-is-layout-16018d1d wp-block-buttons-is-layout-flex\">\n<div class=\"wp-block-button is-style-primary\"><a class=\"wp-block-button__link wp-element-button\" href=\"https:\/\/yogaensintesismargarita.com\/index.php\/diplomado-internacional-de-yoga-de-200-horas\/\" style=\"border-radius:10px\" target=\"_blank\" rel=\"noreferrer noopener\">CONOCE MAS<\/a><\/div>\n<\/div>\n<\/div>\n\n\n\n<div id=\"wp-block-themeisle-blocks-advanced-column-e77516e6\" class=\"wp-block-themeisle-blocks-advanced-column\"><div class=\"wp-block-image\">\n<figure class=\"aligncenter size-full is-resized\"><img loading=\"lazy\" decoding=\"async\" width=\"512\" height=\"512\" src=\"https:\/\/yogaensintesismargarita.com\/wp-content\/uploads\/2023\/10\/cropped-Diseno-sin-titulo-1.png\" alt=\"\" class=\"wp-image-206\" style=\"width:90px\" srcset=\"https:\/\/yogaensintesismargarita.com\/wp-content\/uploads\/2023\/10\/cropped-Diseno-sin-titulo-1.png 512w, https:\/\/yogaensintesismargarita.com\/wp-content\/uploads\/2023\/10\/cropped-Diseno-sin-titulo-1-300x300.png 300w, https:\/\/yogaensintesismargarita.com\/wp-content\/uploads\/2023\/10\/cropped-Diseno-sin-titulo-1-150x150.png 150w, https:\/\/yogaensintesismargarita.com\/wp-content\/uploads\/2023\/10\/cropped-Diseno-sin-titulo-1-100x100.png 100w, https:\/\/yogaensintesismargarita.com\/wp-content\/uploads\/2023\/10\/cropped-Diseno-sin-titulo-1-270x270.png 270w, https:\/\/yogaensintesismargarita.com\/wp-content\/uploads\/2023\/10\/cropped-Diseno-sin-titulo-1-192x192.png 192w, https:\/\/yogaensintesismargarita.com\/wp-content\/uploads\/2023\/10\/cropped-Diseno-sin-titulo-1-180x180.png 180w, https:\/\/yogaensintesismargarita.com\/wp-content\/uploads\/2023\/10\/cropped-Diseno-sin-titulo-1-32x32.png 32w\" sizes=\"auto, (max-width: 512px) 100vw, 512px\" \/><\/figure>\n<\/div>\n\n\n<p><\/p>\n\n\n\n<h3 class=\"wp-block-heading has-text-align-center has-neve-link-color-color has-text-color\"><strong>Especializaciones de Yoga para 300 horas<\/strong> <\/h3>\n\n\n\n<p><\/p>\n\n\n\n<h3 class=\"wp-block-heading has-text-align-center has-nv-c-2-color has-text-color\"><strong>ON LINE<\/strong><\/h3>\n\n\n\n<p>\u00a0<\/p>\n<p style=\"text-align: center;\">En esta modalidad, puedes optar por nuestras diferentes especialidades de yoga para profundizar en tu pr\u00e1ctica.<\/p>\n<p style=\"text-align: center;\">Todas nuestras especialidades cuentan con el aval de la Asociaci\u00f3n Internacional de Yoga y Yoghismo y te permiten sumar horas para el registro de Yoga Alliance de 500 horas de capacitaci\u00f3n.<\/p>\n<p style=\"text-align: center;\"><strong>(RYS 300 horas)<\/strong><\/p>\n\n\n\n<div class=\"wp-block-buttons is-content-justification-center is-layout-flex wp-container-core-buttons-is-layout-16018d1d wp-block-buttons-is-layout-flex\">\n<div class=\"wp-block-button is-style-primary\"><a class=\"wp-block-button__link wp-element-button\" href=\"https:\/\/yogaensintesismargarita.com\/index.php\/especializaciones-de-yoga-para-completar-300-horas\/\" style=\"border-radius:10px\" target=\"_blank\" rel=\"noreferrer noopener\">CONOCE MAS<\/a><\/div>\n<\/div>\n<\/div>\n\n\n\n<div id=\"wp-block-themeisle-blocks-advanced-column-39fabf74\" class=\"wp-block-themeisle-blocks-advanced-column\"><div class=\"wp-block-image\">\n<figure class=\"aligncenter size-full is-resized\"><img loading=\"lazy\" decoding=\"async\" width=\"512\" height=\"512\" src=\"https:\/\/yogaensintesismargarita.com\/wp-content\/uploads\/2023\/10\/cropped-Diseno-sin-titulo-1.png\" alt=\"\" class=\"wp-image-206\" style=\"width:90px\" srcset=\"https:\/\/yogaensintesismargarita.com\/wp-content\/uploads\/2023\/10\/cropped-Diseno-sin-titulo-1.png 512w, https:\/\/yogaensintesismargarita.com\/wp-content\/uploads\/2023\/10\/cropped-Diseno-sin-titulo-1-300x300.png 300w, https:\/\/yogaensintesismargarita.com\/wp-content\/uploads\/2023\/10\/cropped-Diseno-sin-titulo-1-150x150.png 150w, https:\/\/yogaensintesismargarita.com\/wp-content\/uploads\/2023\/10\/cropped-Diseno-sin-titulo-1-100x100.png 100w, https:\/\/yogaensintesismargarita.com\/wp-content\/uploads\/2023\/10\/cropped-Diseno-sin-titulo-1-270x270.png 270w, https:\/\/yogaensintesismargarita.com\/wp-content\/uploads\/2023\/10\/cropped-Diseno-sin-titulo-1-192x192.png 192w, https:\/\/yogaensintesismargarita.com\/wp-content\/uploads\/2023\/10\/cropped-Diseno-sin-titulo-1-180x180.png 180w, https:\/\/yogaensintesismargarita.com\/wp-content\/uploads\/2023\/10\/cropped-Diseno-sin-titulo-1-32x32.png 32w\" sizes=\"auto, (max-width: 512px) 100vw, 512px\" \/><\/figure>\n<\/div>\n\n\n<p><\/p>\n\n\n\n<h3 class=\"wp-block-heading has-text-align-center has-neve-link-color-color has-text-color\"><strong><strong>Diplomado Internacional de Yoga de 200 horas<\/strong><\/strong><\/h3>\n\n\n\n<p><\/p>\n\n\n\n<h3 class=\"wp-block-heading has-text-align-center has-nv-c-2-color has-text-color\"><strong>ON LINE<\/strong><\/h3>\n\n\n\n<p>\u00a0<\/p>\n<p style=\"text-align: center;\">En esta certificaci\u00f3n, te formaremos como alumno experto de yoga y profesor capacitado para impartir clases multinivel a partir de un programa integral. La formaci\u00f3n tiene una duraci\u00f3n de 18 meses y se lleva a cabo un fin de semana al mes de manera s\u00edncrona y as\u00edncrona, a trav\u00e9s de las plataformas Zoom y Moodle respectivamente.<\/p>\n<p style=\"text-align: center;\">En cada taller, tendr\u00e1s la oportunidad de aprender de la mano de un profesor diferente especialista en el tema.<\/p>\n<p style=\"text-align: center;\">Cuenta con el aval de la Asociaci\u00f3n Internacional de Yoga y Yoghismo de M\u00e9xico y Yoga Alliance USA<\/p>\n<p style=\"text-align: center;\"><strong>(RYS 200 horas)<\/strong><\/p>\n\n\n\n<div class=\"wp-block-buttons is-content-justification-center is-layout-flex wp-container-core-buttons-is-layout-16018d1d wp-block-buttons-is-layout-flex\">\n<div class=\"wp-block-button is-style-primary\"><a class=\"wp-block-button__link wp-element-button\" href=\"https:\/\/yogaensintesismargarita.com\/index.php\/diplomado-internacional-de-yoga-de-200-horas-en-linea\/\" style=\"border-radius:10px\" target=\"_blank\" rel=\"noreferrer noopener\">CONOCE MAS<\/a><\/div>\n<\/div>\n<\/div>\n<\/div><\/div>\n\n\n\n<div id=\"wp-block-themeisle-blocks-advanced-columns-4b23d2a7\" class=\"wp-block-themeisle-blocks-advanced-columns alignfull has-1-columns has-desktop-equal-layout has-tablet-equal-layout has-mobile-equal-layout has-vertical-unset has-light-bg\"><div class=\"wp-block-themeisle-blocks-advanced-columns-overlay\"><\/div><div class=\"innerblocks-wrap\">\n<div id=\"wp-block-themeisle-blocks-advanced-column-bb15f75a\" class=\"wp-block-themeisle-blocks-advanced-column\">\n<div id=\"wp-block-themeisle-blocks-font-awesome-icons-de851078\" class=\"wp-block-themeisle-blocks-font-awesome-icons\"><span class=\"wp-block-themeisle-blocks-font-awesome-icons-container\"><i class=\"fas fa-spa\"><\/i><\/span><\/div>\n\n\n\n<h2 class=\"wp-block-heading has-text-align-center has-neve-text-color-color has-text-color\">Impartimos conocimiento sobre Yoga<\/h2>\n\n\n\n<figure class=\"wp-block-pullquote has-nv-light-bg-background-color has-background\" style=\"border-style:none;border-width:0px;border-radius:0px;font-size:15px;font-style:normal;font-weight:600\"><blockquote><p><em><em>El yoga es una luz, que una vez encendida, nunca se atenuar\u00e1. Cuanto mejor es la pr\u00e1ctica, m\u00e1s brillante es la llama.<\/em><\/em><\/p><cite><em>Bellur Krishnamachar Sundararaja Iyengar<\/em><\/cite><\/blockquote><\/figure>\n\n\n\n<hr class=\"wp-block-separator has-text-color has-nv-dark-bg-color has-alpha-channel-opacity has-nv-dark-bg-background-color has-background is-style-default\"\/>\n<\/div>\n<\/div><\/div>\n\n\n\n<div id=\"wp-block-themeisle-blocks-advanced-columns-4c08ce8e\" class=\"wp-block-themeisle-blocks-advanced-columns alignfull has-3-columns has-desktop-equal-layout has-tablet-equal-layout has-mobile-collapsedRows-layout has-vertical-unset has-light-bg\"><div class=\"wp-block-themeisle-blocks-advanced-columns-overlay\"><\/div><div class=\"innerblocks-wrap\">\n<div id=\"wp-block-themeisle-blocks-advanced-column-c7e2ddf1\" class=\"wp-block-themeisle-blocks-advanced-column\">\n<figure class=\"wp-block-image size-full\"><img loading=\"lazy\" decoding=\"async\" width=\"596\" height=\"595\" src=\"https:\/\/yogaensintesismargarita.com\/wp-content\/uploads\/2023\/10\/yoga5.png\" alt=\"\" class=\"wp-image-222\" style=\"aspect-ratio:1;object-fit:cover\" srcset=\"https:\/\/yogaensintesismargarita.com\/wp-content\/uploads\/2023\/10\/yoga5.png 596w, https:\/\/yogaensintesismargarita.com\/wp-content\/uploads\/2023\/10\/yoga5-300x300.png 300w, https:\/\/yogaensintesismargarita.com\/wp-content\/uploads\/2023\/10\/yoga5-100x100.png 100w, https:\/\/yogaensintesismargarita.com\/wp-content\/uploads\/2023\/10\/yoga5-150x150.png 150w\" sizes=\"auto, (max-width: 596px) 100vw, 596px\" \/><\/figure>\n<\/div>\n\n\n\n<div id=\"wp-block-themeisle-blocks-advanced-column-821d1975\" class=\"wp-block-themeisle-blocks-advanced-column\">\n<figure class=\"wp-block-image size-large\"><img loading=\"lazy\" decoding=\"async\" width=\"1024\" height=\"768\" src=\"https:\/\/yogaensintesismargarita.com\/wp-content\/uploads\/2023\/10\/IMG_3797-1024x768.jpg\" alt=\"\" class=\"wp-image-433\" style=\"aspect-ratio:1;object-fit:cover\" srcset=\"https:\/\/yogaensintesismargarita.com\/wp-content\/uploads\/2023\/10\/IMG_3797-1024x768.jpg 1024w, https:\/\/yogaensintesismargarita.com\/wp-content\/uploads\/2023\/10\/IMG_3797-300x225.jpg 300w, https:\/\/yogaensintesismargarita.com\/wp-content\/uploads\/2023\/10\/IMG_3797-768x576.jpg 768w, https:\/\/yogaensintesismargarita.com\/wp-content\/uploads\/2023\/10\/IMG_3797-1536x1152.jpg 1536w, https:\/\/yogaensintesismargarita.com\/wp-content\/uploads\/2023\/10\/IMG_3797-2048x1536.jpg 2048w\" sizes=\"auto, (max-width: 1024px) 100vw, 1024px\" \/><\/figure>\n<\/div>\n\n\n\n<div id=\"wp-block-themeisle-blocks-advanced-column-b2fbc2ba\" class=\"wp-block-themeisle-blocks-advanced-column\">\n<figure class=\"wp-block-image size-large\"><img loading=\"lazy\" decoding=\"async\" width=\"1024\" height=\"683\" src=\"https:\/\/yogaensintesismargarita.com\/wp-content\/uploads\/2023\/10\/yoga-en-sintesis-margarita-7-1024x683.jpeg\" alt=\"\" class=\"wp-image-300\" style=\"aspect-ratio:1;object-fit:cover\" srcset=\"https:\/\/yogaensintesismargarita.com\/wp-content\/uploads\/2023\/10\/yoga-en-sintesis-margarita-7-1024x683.jpeg 1024w, https:\/\/yogaensintesismargarita.com\/wp-content\/uploads\/2023\/10\/yoga-en-sintesis-margarita-7-300x200.jpeg 300w, https:\/\/yogaensintesismargarita.com\/wp-content\/uploads\/2023\/10\/yoga-en-sintesis-margarita-7-768x512.jpeg 768w, https:\/\/yogaensintesismargarita.com\/wp-content\/uploads\/2023\/10\/yoga-en-sintesis-margarita-7-1536x1024.jpeg 1536w, https:\/\/yogaensintesismargarita.com\/wp-content\/uploads\/2023\/10\/yoga-en-sintesis-margarita-7-2048x1366.jpeg 2048w, https:\/\/yogaensintesismargarita.com\/wp-content\/uploads\/2023\/10\/yoga-en-sintesis-margarita-7-930x620.jpeg 930w\" sizes=\"auto, (max-width: 1024px) 100vw, 1024px\" \/><\/figure>\n<\/div>\n<\/div><\/div>\n","protected":false},"excerpt":{"rendered":"","protected":false},"author":1,"featured_media":0,"parent":0,"menu_order":0,"comment_status":"closed","ping_status":"closed","template":"page-templates\/template-pagebuilder-full-width.php","meta":{"neve_meta_sidebar":"full-width","neve_meta_container":"","neve_meta_enable_content_width":"on","neve_meta_content_width":100,"neve_meta_title_alignment":"","neve_meta_author_avatar":"","neve_post_elements_order":"","neve_meta_disable_header":"","neve_meta_disable_footer":"","neve_meta_disable_title":"on","_themeisle_gutenberg_block_has_review":false,"footnotes":""},"class_list":["post-110","page","type-page","status-publish","hentry"],"_links":{"self":[{"href":"https:\/\/yogaensintesismargarita.com\/index.php\/wp-json\/wp\/v2\/pages\/110","targetHints":{"allow":["GET"]}}],"collection":[{"href":"https:\/\/yogaensintesismargarita.com\/index.php\/wp-json\/wp\/v2\/pages"}],"about":[{"href":"https:\/\/yogaensintesismargarita.com\/index.php\/wp-json\/wp\/v2\/types\/page"}],"author":[{"embeddable":true,"href":"https:\/\/yogaensintesismargarita.com\/index.php\/wp-json\/wp\/v2\/users\/1"}],"replies":[{"embeddable":true,"href":"https:\/\/yogaensintesismargarita.com\/index.php\/wp-json\/wp\/v2\/comments?post=110"}],"version-history":[{"count":37,"href":"https:\/\/yogaensintesismargarita.com\/index.php\/wp-json\/wp\/v2\/pages\/110\/revisions"}],"predecessor-version":[{"id":1823,"href":"https:\/\/yogaensintesismargarita.com\/index.php\/wp-json\/wp\/v2\/pages\/110\/revisions\/1823"}],"wp:attachment":[{"href":"https:\/\/yogaensintesismargarita.com\/index.php\/wp-json\/wp\/v2\/media?parent=110"}],"curies":[{"name":"wp","href":"https:\/\/api.w.org\/{rel}","templated":true}]}}