{"id":109,"date":"2020-05-17T19:36:50","date_gmt":"2020-05-17T17:36:50","guid":{"rendered":"https:\/\/demosites.io\/yoga-studio-gb\/?page_id=109"},"modified":"2024-03-28T14:42:04","modified_gmt":"2024-03-28T18:42:04","slug":"clases","status":"publish","type":"page","link":"https:\/\/yogaensintesismargarita.com\/index.php\/clases\/","title":{"rendered":"Clases"},"content":{"rendered":"\n<div id=\"wp-block-themeisle-blocks-advanced-columns-de58857b\" class=\"wp-block-themeisle-blocks-advanced-columns alignfull has-1-columns has-desktop-equal-layout has-tablet-equal-layout has-mobile-equal-layout has-vertical-unset\"><div class=\"wp-block-themeisle-blocks-advanced-columns-overlay\"><\/div><div class=\"innerblocks-wrap\">\n<div id=\"wp-block-themeisle-blocks-advanced-column-f2953736\" class=\"wp-block-themeisle-blocks-advanced-column\"><div class=\"wp-block-image\">\n<figure class=\"aligncenter size-full is-resized\"><img loading=\"lazy\" decoding=\"async\" width=\"512\" height=\"512\" src=\"https:\/\/yogaensintesismargarita.com\/wp-content\/uploads\/2023\/10\/cropped-Diseno-sin-titulo-1.png\" alt=\"\" class=\"wp-image-206\" style=\"width:77px\" srcset=\"https:\/\/yogaensintesismargarita.com\/wp-content\/uploads\/2023\/10\/cropped-Diseno-sin-titulo-1.png 512w, https:\/\/yogaensintesismargarita.com\/wp-content\/uploads\/2023\/10\/cropped-Diseno-sin-titulo-1-300x300.png 300w, https:\/\/yogaensintesismargarita.com\/wp-content\/uploads\/2023\/10\/cropped-Diseno-sin-titulo-1-150x150.png 150w, https:\/\/yogaensintesismargarita.com\/wp-content\/uploads\/2023\/10\/cropped-Diseno-sin-titulo-1-100x100.png 100w, https:\/\/yogaensintesismargarita.com\/wp-content\/uploads\/2023\/10\/cropped-Diseno-sin-titulo-1-270x270.png 270w, https:\/\/yogaensintesismargarita.com\/wp-content\/uploads\/2023\/10\/cropped-Diseno-sin-titulo-1-192x192.png 192w, https:\/\/yogaensintesismargarita.com\/wp-content\/uploads\/2023\/10\/cropped-Diseno-sin-titulo-1-180x180.png 180w, https:\/\/yogaensintesismargarita.com\/wp-content\/uploads\/2023\/10\/cropped-Diseno-sin-titulo-1-32x32.png 32w\" sizes=\"auto, (max-width: 512px) 100vw, 512px\" \/><\/figure>\n<\/div>\n\n\n<h2 id=\"wp-block-themeisle-blocks-advanced-heading-7665c6b9\" class=\"wp-block-themeisle-blocks-advanced-heading wp-block-themeisle-blocks-advanced-heading-7665c6b9\">Clases de Yoga y Meditaci\u00f3n <\/h2>\n<\/div>\n<\/div><\/div>\n\n\n\n<div id=\"wp-block-themeisle-blocks-advanced-columns-55673110\" class=\"wp-block-themeisle-blocks-advanced-columns alignfull has-1-columns has-desktop-equal-layout has-tablet-equal-layout has-mobile-equal-layout has-vertical-unset\"><div class=\"wp-block-themeisle-blocks-advanced-columns-overlay\"><\/div><div class=\"innerblocks-wrap\">\n<div id=\"wp-block-themeisle-blocks-advanced-column-3bb706f3\" class=\"wp-block-themeisle-blocks-advanced-column\">\n<div id=\"wp-block-themeisle-blocks-icon-list-44b93baf\" class=\"wp-block-themeisle-blocks-icon-list is-style-horizontal ticss-b6c7ec6f\">\n<div id=\"wp-block-themeisle-blocks-icon-list-item-cad7ed02\" class=\"wp-block-themeisle-blocks-icon-list-item\"><i class=\"fas fa-star wp-block-themeisle-blocks-icon-list-item-icon-custom\"><\/i><p class=\"wp-block-themeisle-blocks-icon-list-item-content\">List item 5<\/p><\/div>\n\n\n\n<div id=\"wp-block-themeisle-blocks-icon-list-item-f29ef0a3\" class=\"wp-block-themeisle-blocks-icon-list-item\"><i class=\"fas fa-star wp-block-themeisle-blocks-icon-list-item-icon-custom\"><\/i><p class=\"wp-block-themeisle-blocks-icon-list-item-content\">List item 5<\/p><\/div>\n\n\n\n<div id=\"wp-block-themeisle-blocks-icon-list-item-fa7e2e77\" class=\"wp-block-themeisle-blocks-icon-list-item\"><i class=\"fas fa-star wp-block-themeisle-blocks-icon-list-item-icon-custom\"><\/i><p class=\"wp-block-themeisle-blocks-icon-list-item-content\">List item 5<\/p><\/div>\n\n\n\n<div id=\"wp-block-themeisle-blocks-icon-list-item-3430e63a\" class=\"wp-block-themeisle-blocks-icon-list-item\"><i class=\"fas fa-star wp-block-themeisle-blocks-icon-list-item-icon-custom\"><\/i><p class=\"wp-block-themeisle-blocks-icon-list-item-content\">List item 5<\/p><\/div>\n\n\n\n<div id=\"wp-block-themeisle-blocks-icon-list-item-2f353fdf\" class=\"wp-block-themeisle-blocks-icon-list-item\"><i class=\"fas fa-star wp-block-themeisle-blocks-icon-list-item-icon-custom\"><\/i><p class=\"wp-block-themeisle-blocks-icon-list-item-content\">List item 5<\/p><\/div>\n<\/div>\n\n\n\n<p>El yoga proporciona numerosos beneficios para el cuerpo y la mente, desde reducir el estr\u00e9s, aliviar dolores, hasta mejorar la flexibilidad y la concentraci\u00f3n.<\/p>\n\n\n\n<p>Por esta raz\u00f3n, el yoga es una elecci\u00f3n popular para aquellos que buscan aumentar su salud y sensaci\u00f3n de bienestar general.<\/p>\n\n\n\n<p>Te proponemos iniciarte en la pr\u00e1ctica de esta maravillosa disciplina, con los viernes de Yoga en el Castillo San Carlos De Borromeo en Pampatar.<\/p>\n\n\n\n<p>Est\u00e1s sesiones te permitir\u00e1n conectarte con tu cuerpo mientras disfrutas del placido atardecer contemplando la Bah\u00eda de Pampatar desde lo alto de esta m\u00e1gica locaci\u00f3n.<\/p>\n\n\n\n<p>Yoga en el Castillo es toda una experiencia que te invitamos a disfrutar cada viernes a las 5:00 pm para cerrar la semana liberando el estr\u00e9s.<\/p>\n\n\n\n<p>La entrada es libre&#8230;   Acomp\u00e1\u00f1anos!!!<\/p>\n\n\n<div class=\"wp-block-image is-resized is-style-rounded\">\n<figure class=\"aligncenter size-full\"><img loading=\"lazy\" decoding=\"async\" width=\"40\" height=\"40\" src=\"https:\/\/yogaensintesismargarita.com\/wp-content\/uploads\/2023\/10\/unnamed.jpg\" alt=\"\" class=\"wp-image-607\"\/><\/figure>\n<\/div>\n\n\n<div style=\"height:16px\" aria-hidden=\"true\" class=\"wp-block-spacer\"><\/div>\n\n\n\n<h6 id=\"wp-block-themeisle-blocks-advanced-heading-ae926aa5\" class=\"wp-block-themeisle-blocks-advanced-heading wp-block-themeisle-blocks-advanced-heading-ae926aa5\"><strong>YURAYMA ALBERTI<\/strong><\/h6>\n\n\n\n<p class=\"has-text-align-center has-small-font-size\">INSTRUCTORA<\/p>\n<\/div>\n<\/div><\/div>\n\n\n\n<div id=\"wp-block-themeisle-blocks-advanced-columns-e791a706\" class=\"wp-block-themeisle-blocks-advanced-columns alignfull has-2-columns has-desktop-equal-layout has-tablet-equal-layout has-mobile-collapsedRows-layout has-vertical-unset has-light-bg\"><div class=\"wp-block-themeisle-blocks-advanced-columns-overlay\"><\/div><div class=\"innerblocks-wrap\">\n<div id=\"wp-block-themeisle-blocks-advanced-column-7d6af005\" class=\"wp-block-themeisle-blocks-advanced-column\">\n<div style=\"height:300px\" aria-hidden=\"true\" class=\"wp-block-spacer\"><\/div>\n<\/div>\n\n\n\n<div id=\"wp-block-themeisle-blocks-advanced-column-6ffd9acd\" class=\"wp-block-themeisle-blocks-advanced-column has-light-bg\">\n<h2 class=\"wp-block-heading has-text-align-center\">Yoga en la Playa<\/h2>\n\n\n\n<div id=\"wp-block-themeisle-blocks-advanced-columns-81a52adf\" class=\"wp-block-themeisle-blocks-advanced-columns has-1-columns has-desktop-equal-layout has-tablet-equal-layout has-mobile-collapsedRows-layout has-vertical-unset\"><div class=\"wp-block-themeisle-blocks-advanced-columns-overlay\"><\/div><div class=\"innerblocks-wrap\">\n<div id=\"wp-block-themeisle-blocks-advanced-column-fc95cbac\" class=\"wp-block-themeisle-blocks-advanced-column\">\n<div id=\"wp-block-themeisle-blocks-icon-list-a4cccc25\" class=\"wp-block-themeisle-blocks-icon-list is-style-horizontal\">\n<div id=\"wp-block-themeisle-blocks-icon-list-item-3e0f5329\" class=\"wp-block-themeisle-blocks-icon-list-item\"><i class=\"far fa-calendar-check wp-block-themeisle-blocks-icon-list-item-icon-custom\"><\/i><p class=\"wp-block-themeisle-blocks-icon-list-item-content\"><strong>Martes y Jueves 6:00 pm<\/strong><\/p><\/div>\n\n\n\n<div id=\"wp-block-themeisle-blocks-icon-list-item-03bbc471\" class=\"wp-block-themeisle-blocks-icon-list-item\"><i class=\"fas fa-users wp-block-themeisle-blocks-icon-list-item-icon-custom\"><\/i><p class=\"wp-block-themeisle-blocks-icon-list-item-content\"><strong>5 &#8211; 25 personas por clase<\/strong><\/p><\/div>\n<\/div>\n<\/div>\n<\/div><\/div>\n\n\n\n<p class=\"has-text-align-center\">Imagina el sol descendiendo en el horizonte, ti\u00f1endo el cielo con colores c\u00e1lidos y vibrantes, con la brisa suave y salada acariciando tu piel mientras te sumerges en una serie de movimientos fluidos y conscientes con el aroma salado del oc\u00e9ano inundando tus sentidos, llev\u00e1ndote a un estado de calma profunda. <\/p>\n\n\n\n<p class=\"has-text-align-center\">As\u00ed se viven las Clases de Yoga en la playa al atardecer de cada martes y jueves en la Bah\u00eda de Pampatar.<\/p>\n\n\n\n<div class=\"wp-block-columns is-layout-flex wp-container-core-columns-is-layout-9d6595d7 wp-block-columns-is-layout-flex\">\n<div class=\"wp-block-column is-layout-flow wp-block-column-is-layout-flow\" style=\"flex-basis:100%\">\n<div class=\"wp-block-buttons is-horizontal is-content-justification-center is-layout-flex wp-container-core-buttons-is-layout-499968f5 wp-block-buttons-is-layout-flex\">\n<div class=\"wp-block-button is-style-primary\"><a class=\"wp-block-button__link wp-element-button\" href=\"https:\/\/yogaensintesismargarita.com\/index.php\/yoga-en-la-playa\/\" target=\"_blank\" rel=\"https:\/\/yogaensintesismargarita.com\/single-class\/ noopener\">Ver detalles<\/a><\/div>\n<\/div>\n<\/div>\n<\/div>\n<\/div>\n<\/div><\/div>\n\n\n\n<div id=\"wp-block-themeisle-blocks-advanced-columns-16fac211\" class=\"wp-block-themeisle-blocks-advanced-columns alignfull has-2-columns has-desktop-equal-layout has-tablet-equal-layout has-mobile-collapsedRows-layout has-reverse-columns-mobile has-vertical-unset has-light-bg\"><div class=\"wp-block-themeisle-blocks-advanced-columns-overlay\"><\/div><div class=\"innerblocks-wrap\">\n<div id=\"wp-block-themeisle-blocks-advanced-column-ed73681d\" class=\"wp-block-themeisle-blocks-advanced-column has-light-bg\">\n<h2 class=\"wp-block-heading has-text-align-center\">Yoga en el Castillo<\/h2>\n\n\n\n<div id=\"wp-block-themeisle-blocks-advanced-columns-a56f7695\" class=\"wp-block-themeisle-blocks-advanced-columns has-1-columns has-desktop-equal-layout has-tablet-equal-layout has-mobile-collapsedRows-layout has-vertical-unset\"><div class=\"wp-block-themeisle-blocks-advanced-columns-overlay\"><\/div><div class=\"innerblocks-wrap\">\n<div id=\"wp-block-themeisle-blocks-advanced-column-2c1af124\" class=\"wp-block-themeisle-blocks-advanced-column\">\n<div id=\"wp-block-themeisle-blocks-icon-list-21a55a5a\" class=\"wp-block-themeisle-blocks-icon-list is-style-horizontal\">\n<div id=\"wp-block-themeisle-blocks-icon-list-item-99be1e51\" class=\"wp-block-themeisle-blocks-icon-list-item\"><i class=\"far fa-calendar-check wp-block-themeisle-blocks-icon-list-item-icon-custom\"><\/i><p class=\"wp-block-themeisle-blocks-icon-list-item-content\"><strong><strong>Viernes 5:00 pm<\/strong><\/strong><\/p><\/div>\n\n\n\n<div id=\"wp-block-themeisle-blocks-icon-list-item-4827a42e\" class=\"wp-block-themeisle-blocks-icon-list-item\"><i class=\"fas fa-users wp-block-themeisle-blocks-icon-list-item-icon-custom\"><\/i><p class=\"wp-block-themeisle-blocks-icon-list-item-content\"><strong>5 &#8211; 70 <strong>personas por clase<\/strong><\/strong><\/p><\/div>\n<\/div>\n<\/div>\n<\/div><\/div>\n\n\n\n<p class=\"has-text-align-center\">Las clases de yoga en el Castillo San Carlos de Borromeo en la Bah\u00eda de Pampatar, cada viernes a las 5:00pm, son una experiencia sensorial \u00fanica, donde puedes disfrutar de la magia de un lugar hist\u00f3rico mientras cultivas equilibrio y plenitud en cuerpo y mente.<\/p>\n\n\n\n<div class=\"wp-block-buttons is-horizontal is-content-justification-center is-layout-flex wp-container-core-buttons-is-layout-499968f5 wp-block-buttons-is-layout-flex\">\n<div class=\"wp-block-button is-style-primary\"><a class=\"wp-block-button__link wp-element-button\" href=\"https:\/\/yogaensintesismargarita.com\/index.php\/yoga-en-el-castillo\/\" target=\"_blank\" rel=\"https:\/\/yogaensintesismargarita.com\/single-class\/ noopener\">Ver detalles<\/a><\/div>\n<\/div>\n<\/div>\n\n\n\n<div id=\"wp-block-themeisle-blocks-advanced-column-6b6a948a\" class=\"wp-block-themeisle-blocks-advanced-column\">\n<div style=\"height:300px\" aria-hidden=\"true\" class=\"wp-block-spacer\"><\/div>\n<\/div>\n<\/div><\/div>\n\n\n\n<div id=\"wp-block-themeisle-blocks-advanced-columns-e4c8621b\" class=\"wp-block-themeisle-blocks-advanced-columns alignfull has-2-columns has-desktop-equal-layout has-tablet-equal-layout has-mobile-collapsedRows-layout has-vertical-unset has-light-bg\"><div class=\"wp-block-themeisle-blocks-advanced-columns-overlay\"><\/div><div class=\"innerblocks-wrap\">\n<div id=\"wp-block-themeisle-blocks-advanced-column-c0c84255\" class=\"wp-block-themeisle-blocks-advanced-column\">\n<div style=\"height:300px\" aria-hidden=\"true\" class=\"wp-block-spacer\"><\/div>\n<\/div>\n\n\n\n<div id=\"wp-block-themeisle-blocks-advanced-column-dac4969e\" class=\"wp-block-themeisle-blocks-advanced-column has-light-bg\">\n<h2 class=\"wp-block-heading has-text-align-center\">Meditaci\u00f3n<\/h2>\n\n\n\n<div id=\"wp-block-themeisle-blocks-advanced-columns-2fa466b8\" class=\"wp-block-themeisle-blocks-advanced-columns has-1-columns has-desktop-equal-layout has-tablet-equal-layout has-mobile-collapsedRows-layout has-vertical-center\"><div class=\"wp-block-themeisle-blocks-advanced-columns-overlay\"><\/div><div class=\"innerblocks-wrap\">\n<div id=\"wp-block-themeisle-blocks-advanced-column-b7037af4\" class=\"wp-block-themeisle-blocks-advanced-column\">\n<div id=\"wp-block-themeisle-blocks-icon-list-68a11a73\" class=\"wp-block-themeisle-blocks-icon-list is-style-horizontal\">\n<div id=\"wp-block-themeisle-blocks-icon-list-item-9e831297\" class=\"wp-block-themeisle-blocks-icon-list-item\"><i class=\"far fa-calendar-check wp-block-themeisle-blocks-icon-list-item-icon-custom\"><\/i><p class=\"wp-block-themeisle-blocks-icon-list-item-content\"><strong><strong><strong>Lunes y Mi\u00e9rcoles 6:00 pm<\/strong><\/strong><\/strong><\/p><\/div>\n\n\n\n<div id=\"wp-block-themeisle-blocks-icon-list-item-fce5a942\" class=\"wp-block-themeisle-blocks-icon-list-item\"><i class=\"fas fa-users wp-block-themeisle-blocks-icon-list-item-icon-custom\"><\/i><p class=\"wp-block-themeisle-blocks-icon-list-item-content\"><strong><strong>5 &#8211; 25 personas por clase<\/strong><\/strong><\/p><\/div>\n<\/div>\n<\/div>\n<\/div><\/div>\n\n\n\n<p class=\"has-text-align-center\">Sum\u00e9rgete en un mundo de paz y armon\u00eda cada lunes y mi\u00e9rcoles a las 6:00 pm, donde las distintas t\u00e9cnicas de meditaci\u00f3n que practicamos, te invitan a explorar tus sentidos y encontrar la serenidad interior.<\/p>\n\n\n\n<div class=\"wp-block-buttons is-horizontal is-content-justification-center is-layout-flex wp-container-core-buttons-is-layout-499968f5 wp-block-buttons-is-layout-flex\">\n<div class=\"wp-block-button is-style-primary\"><a class=\"wp-block-button__link wp-element-button\" href=\"https:\/\/yogaensintesismargarita.com\/index.php\/meditacion\/\" target=\"_blank\" rel=\"https:\/\/yogaensintesismargarita.com\/single-class\/ noopener\">Ver detalles<\/a><\/div>\n<\/div>\n<\/div>\n<\/div><\/div>\n\n\n\n<div id=\"wp-block-themeisle-blocks-advanced-columns-d5e619fa\" class=\"wp-block-themeisle-blocks-advanced-columns alignfull has-3-columns has-desktop-equal-layout has-tablet-equal-layout has-mobile-collapsedRows-layout has-vertical-unset has-light-bg\"><div class=\"wp-block-themeisle-blocks-advanced-columns-overlay\"><\/div><div class=\"innerblocks-wrap\">\n<div id=\"wp-block-themeisle-blocks-advanced-column-4173b05f\" class=\"wp-block-themeisle-blocks-advanced-column\">\n<h3 id=\"wp-block-themeisle-blocks-advanced-heading-e66467bd\" class=\"wp-block-themeisle-blocks-advanced-heading wp-block-themeisle-blocks-advanced-heading-e66467bd\">Meditaci\u00f3n<\/h3>\n\n\n\n<h5 id=\"wp-block-themeisle-blocks-advanced-heading-2f1a64ee\" class=\"wp-block-themeisle-blocks-advanced-heading wp-block-themeisle-blocks-advanced-heading-2f1a64ee\">Pr\u00f3ximamente<\/h5>\n\n\n\n<div id=\"wp-block-themeisle-blocks-icon-list-66f93790\" class=\"wp-block-themeisle-blocks-icon-list\">\n<div id=\"wp-block-themeisle-blocks-icon-list-item-3f9e193b\" class=\"wp-block-themeisle-blocks-icon-list-item\"><i class=\"far fa-clock wp-block-themeisle-blocks-icon-list-item-icon-custom\"><\/i><p class=\"wp-block-themeisle-blocks-icon-list-item-content\"><strong>Lunes-Mi\u00e9rcoles<\/strong> 6:00 pm<\/p><\/div>\n\n\n\n<div id=\"wp-block-themeisle-blocks-icon-list-item-f3cfd7f4\" class=\"wp-block-themeisle-blocks-icon-list-item\"><i class=\"fas fa-users wp-block-themeisle-blocks-icon-list-item-icon-custom\"><\/i><p class=\"wp-block-themeisle-blocks-icon-list-item-content\">5-25 personas<\/p><\/div>\n<\/div>\n<\/div>\n\n\n\n<div id=\"wp-block-themeisle-blocks-advanced-column-fb8f00ea\" class=\"wp-block-themeisle-blocks-advanced-column\">\n<h3 id=\"wp-block-themeisle-blocks-advanced-heading-099ba84d\" class=\"wp-block-themeisle-blocks-advanced-heading wp-block-themeisle-blocks-advanced-heading-099ba84d\">Yoga en la Playa<\/h3>\n\n\n\n<h5 id=\"wp-block-themeisle-blocks-advanced-heading-90707ed1\" class=\"wp-block-themeisle-blocks-advanced-heading wp-block-themeisle-blocks-advanced-heading-90707ed1\">Pr\u00f3ximamente<\/h5>\n\n\n\n<div id=\"wp-block-themeisle-blocks-icon-list-2a3353e4\" class=\"wp-block-themeisle-blocks-icon-list\">\n<div id=\"wp-block-themeisle-blocks-icon-list-item-fd50a42b\" class=\"wp-block-themeisle-blocks-icon-list-item\"><i class=\"far fa-clock wp-block-themeisle-blocks-icon-list-item-icon-custom\"><\/i><p class=\"wp-block-themeisle-blocks-icon-list-item-content\"><strong>Martes-Jueves<\/strong> 6:00 pm<\/p><\/div>\n\n\n\n<div id=\"wp-block-themeisle-blocks-icon-list-item-389d8226\" class=\"wp-block-themeisle-blocks-icon-list-item\"><i class=\"fas fa-users wp-block-themeisle-blocks-icon-list-item-icon-custom\"><\/i><p class=\"wp-block-themeisle-blocks-icon-list-item-content\">5-25 personas<\/p><\/div>\n<\/div>\n<\/div>\n\n\n\n<div id=\"wp-block-themeisle-blocks-advanced-column-3eeb57fb\" class=\"wp-block-themeisle-blocks-advanced-column\">\n<h3 id=\"wp-block-themeisle-blocks-advanced-heading-0c166f21\" class=\"wp-block-themeisle-blocks-advanced-heading wp-block-themeisle-blocks-advanced-heading-0c166f21\">Yoga en el Castillo <\/h3>\n\n\n\n<h5 id=\"wp-block-themeisle-blocks-advanced-heading-9fe3795a\" class=\"wp-block-themeisle-blocks-advanced-heading wp-block-themeisle-blocks-advanced-heading-9fe3795a\">Castillo San Carlos de Borromeo de Pampatar<\/h5>\n\n\n\n<div id=\"wp-block-themeisle-blocks-icon-list-a9d2e722\" class=\"wp-block-themeisle-blocks-icon-list\">\n<div id=\"wp-block-themeisle-blocks-icon-list-item-cfaeb7f7\" class=\"wp-block-themeisle-blocks-icon-list-item\"><i class=\"far fa-clock wp-block-themeisle-blocks-icon-list-item-icon-custom\"><\/i><p class=\"wp-block-themeisle-blocks-icon-list-item-content\"><strong>Viernes<\/strong> 5:00 pm<\/p><\/div>\n\n\n\n<div id=\"wp-block-themeisle-blocks-icon-list-item-f25336e8\" class=\"wp-block-themeisle-blocks-icon-list-item\"><i class=\"fas fa-users wp-block-themeisle-blocks-icon-list-item-icon-custom\"><\/i><p class=\"wp-block-themeisle-blocks-icon-list-item-content\">5-70 personas<\/p><\/div>\n<\/div>\n<\/div>\n<\/div><\/div>\n\n\n\n<div id=\"wp-block-themeisle-blocks-advanced-columns-2d9c107f\" class=\"wp-block-themeisle-blocks-advanced-columns alignfull has-1-columns has-desktop-equal-layout has-tablet-equal-layout has-mobile-collapsedRows-layout has-vertical-unset has-light-bg\"><div class=\"wp-block-themeisle-blocks-advanced-columns-overlay\"><\/div><div class=\"innerblocks-wrap\">\n<div id=\"wp-block-themeisle-blocks-advanced-column-55304cde\" class=\"wp-block-themeisle-blocks-advanced-column\">\n<div id=\"wp-block-themeisle-blocks-icon-list-9c3ec765\" class=\"wp-block-themeisle-blocks-icon-list is-style-horizontal\">\n<div id=\"wp-block-themeisle-blocks-icon-list-item-16fa86a8\" class=\"wp-block-themeisle-blocks-icon-list-item\"><i class=\"fas fa-spa wp-block-themeisle-blocks-icon-list-item-icon-custom\"><\/i><p class=\"wp-block-themeisle-blocks-icon-list-item-content-custom\"><strong>CLASES DE YOGA Y MEDITACION<\/strong><\/p><\/div>\n\n\n\n<div id=\"wp-block-themeisle-blocks-icon-list-item-592c038f\" class=\"wp-block-themeisle-blocks-icon-list-item\"><i class=\"fas fa-yin-yang wp-block-themeisle-blocks-icon-list-item-icon-custom\"><\/i><p class=\"wp-block-themeisle-blocks-icon-list-item-content-custom\"><strong>CON UN ENFOQUE DIDACTICO<\/strong><\/p><\/div>\n\n\n\n<div id=\"wp-block-themeisle-blocks-icon-list-item-bfcfc5e0\" class=\"wp-block-themeisle-blocks-icon-list-item\"><i class=\"fas fa-universal-access wp-block-themeisle-blocks-icon-list-item-icon-custom\"><\/i><p class=\"wp-block-themeisle-blocks-icon-list-item-content-custom\"><strong>PARA TODOS LOS NIVELES<\/strong> <\/p><\/div>\n<\/div>\n<\/div>\n<\/div><\/div>\n\n\n\n<div id=\"wp-block-themeisle-blocks-advanced-columns-77871132\" class=\"wp-block-themeisle-blocks-advanced-columns alignfull has-1-columns has-desktop-equal-layout has-tablet-equal-layout has-mobile-equal-layout has-vertical-unset has-light-bg\"><div class=\"wp-block-themeisle-blocks-advanced-columns-overlay\"><\/div><div class=\"innerblocks-wrap\">\n<div id=\"wp-block-themeisle-blocks-advanced-column-43297be3\" class=\"wp-block-themeisle-blocks-advanced-column\"><div class=\"wp-block-image\">\n<figure class=\"aligncenter size-large is-resized\"><img loading=\"lazy\" decoding=\"async\" width=\"915\" height=\"1024\" src=\"https:\/\/yogaensintesismargarita.com\/wp-content\/uploads\/2023\/10\/Diseno-sin-titulo-2-1-1-e1698678099663-915x1024.png\" alt=\"\" class=\"wp-image-719\" style=\"aspect-ratio:0.8935546875;width:128px;height:auto\" srcset=\"https:\/\/yogaensintesismargarita.com\/wp-content\/uploads\/2023\/10\/Diseno-sin-titulo-2-1-1-e1698678099663-915x1024.png 915w, https:\/\/yogaensintesismargarita.com\/wp-content\/uploads\/2023\/10\/Diseno-sin-titulo-2-1-1-e1698678099663-300x336.png 300w, https:\/\/yogaensintesismargarita.com\/wp-content\/uploads\/2023\/10\/Diseno-sin-titulo-2-1-1-e1698678099663-268x300.png 268w, https:\/\/yogaensintesismargarita.com\/wp-content\/uploads\/2023\/10\/Diseno-sin-titulo-2-1-1-e1698678099663-768x860.png 768w, https:\/\/yogaensintesismargarita.com\/wp-content\/uploads\/2023\/10\/Diseno-sin-titulo-2-1-1-e1698678099663-1372x1536.png 1372w, https:\/\/yogaensintesismargarita.com\/wp-content\/uploads\/2023\/10\/Diseno-sin-titulo-2-1-1-e1698678099663-1829x2048.png 1829w\" sizes=\"auto, (max-width: 915px) 100vw, 915px\" \/><\/figure>\n<\/div>\n\n\n<h2 class=\"wp-block-heading has-text-align-center has-neve-text-color-color has-text-color\">Para informaci\u00f3n sobre nuestras clases<\/h2>\n\n\n\n<hr class=\"wp-block-separator has-text-color has-nv-dark-bg-color has-alpha-channel-opacity has-nv-dark-bg-background-color has-background\"\/>\n\n\n\n<div class=\"wp-block-buttons is-horizontal is-content-justification-center is-layout-flex wp-container-core-buttons-is-layout-499968f5 wp-block-buttons-is-layout-flex\">\n<div class=\"wp-block-button is-style-primary\"><a class=\"wp-block-button__link wp-element-button\" href=\"https:\/\/api.whatsapp.com\/send?phone=584128190109\" target=\"_blank\" rel=\"noreferrer noopener\">Enviar mensaje<\/a><\/div>\n<\/div>\n<\/div>\n<\/div><\/div>\n","protected":false},"excerpt":{"rendered":"","protected":false},"author":1,"featured_media":0,"parent":0,"menu_order":0,"comment_status":"closed","ping_status":"closed","template":"page-templates\/template-pagebuilder-full-width.php","meta":{"neve_meta_sidebar":"full-width","neve_meta_container":"","neve_meta_enable_content_width":"on","neve_meta_content_width":100,"neve_meta_title_alignment":"","neve_meta_author_avatar":"","neve_post_elements_order":"","neve_meta_disable_header":"","neve_meta_disable_footer":"","neve_meta_disable_title":"on","_themeisle_gutenberg_block_has_review":false,"footnotes":""},"class_list":["post-109","page","type-page","status-publish","hentry"],"_links":{"self":[{"href":"https:\/\/yogaensintesismargarita.com\/index.php\/wp-json\/wp\/v2\/pages\/109","targetHints":{"allow":["GET"]}}],"collection":[{"href":"https:\/\/yogaensintesismargarita.com\/index.php\/wp-json\/wp\/v2\/pages"}],"about":[{"href":"https:\/\/yogaensintesismargarita.com\/index.php\/wp-json\/wp\/v2\/types\/page"}],"author":[{"embeddable":true,"href":"https:\/\/yogaensintesismargarita.com\/index.php\/wp-json\/wp\/v2\/users\/1"}],"replies":[{"embeddable":true,"href":"https:\/\/yogaensintesismargarita.com\/index.php\/wp-json\/wp\/v2\/comments?post=109"}],"version-history":[{"count":46,"href":"https:\/\/yogaensintesismargarita.com\/index.php\/wp-json\/wp\/v2\/pages\/109\/revisions"}],"predecessor-version":[{"id":1867,"href":"https:\/\/yogaensintesismargarita.com\/index.php\/wp-json\/wp\/v2\/pages\/109\/revisions\/1867"}],"wp:attachment":[{"href":"https:\/\/yogaensintesismargarita.com\/index.php\/wp-json\/wp\/v2\/media?parent=109"}],"curies":[{"name":"wp","href":"https:\/\/api.w.org\/{rel}","templated":true}]}}