{"id":103,"date":"2020-05-17T19:14:57","date_gmt":"2020-05-17T17:14:57","guid":{"rendered":"https:\/\/demosites.io\/yoga-studio-gb\/?page_id=103"},"modified":"2024-02-14T10:41:21","modified_gmt":"2024-02-14T14:41:21","slug":"contacto","status":"publish","type":"page","link":"https:\/\/yogaensintesismargarita.com\/index.php\/contacto\/","title":{"rendered":"Contacto"},"content":{"rendered":"\n<div id=\"wp-block-themeisle-blocks-advanced-columns-de58857b\" class=\"wp-block-themeisle-blocks-advanced-columns alignfull has-1-columns has-desktop-equal-layout has-tablet-equal-layout has-mobile-equal-layout has-vertical-unset\"><div class=\"wp-block-themeisle-blocks-advanced-columns-overlay\"><\/div><div class=\"innerblocks-wrap\">\n<div id=\"wp-block-themeisle-blocks-advanced-column-f2953736\" class=\"wp-block-themeisle-blocks-advanced-column\"><div class=\"wp-block-image\">\n<figure class=\"aligncenter size-full is-resized\"><img loading=\"lazy\" decoding=\"async\" width=\"512\" height=\"512\" src=\"https:\/\/yogaensintesismargarita.com\/wp-content\/uploads\/2023\/10\/cropped-Diseno-sin-titulo-1.png\" alt=\"\" class=\"wp-image-206\" style=\"width:77px\" srcset=\"https:\/\/yogaensintesismargarita.com\/wp-content\/uploads\/2023\/10\/cropped-Diseno-sin-titulo-1.png 512w, https:\/\/yogaensintesismargarita.com\/wp-content\/uploads\/2023\/10\/cropped-Diseno-sin-titulo-1-300x300.png 300w, https:\/\/yogaensintesismargarita.com\/wp-content\/uploads\/2023\/10\/cropped-Diseno-sin-titulo-1-150x150.png 150w, https:\/\/yogaensintesismargarita.com\/wp-content\/uploads\/2023\/10\/cropped-Diseno-sin-titulo-1-100x100.png 100w, https:\/\/yogaensintesismargarita.com\/wp-content\/uploads\/2023\/10\/cropped-Diseno-sin-titulo-1-270x270.png 270w, https:\/\/yogaensintesismargarita.com\/wp-content\/uploads\/2023\/10\/cropped-Diseno-sin-titulo-1-192x192.png 192w, https:\/\/yogaensintesismargarita.com\/wp-content\/uploads\/2023\/10\/cropped-Diseno-sin-titulo-1-180x180.png 180w, https:\/\/yogaensintesismargarita.com\/wp-content\/uploads\/2023\/10\/cropped-Diseno-sin-titulo-1-32x32.png 32w\" sizes=\"auto, (max-width: 512px) 100vw, 512px\" \/><\/figure>\n<\/div>\n\n\n<h2 id=\"wp-block-themeisle-blocks-advanced-heading-1d382bba\" class=\"wp-block-themeisle-blocks-advanced-heading wp-block-themeisle-blocks-advanced-heading-1d382bba\">Encu\u00e9ntranos en<\/h2>\n<\/div>\n<\/div><\/div>\n\n\n\n<div id=\"wp-block-themeisle-blocks-advanced-columns-4f3ae4cc\" class=\"wp-block-themeisle-blocks-advanced-columns alignfull has-2-columns has-desktop-equal-layout has-tablet-equal-layout has-mobile-collapsedRows-layout has-vertical-unset ticss-d194bb2c has-light-bg\"><div class=\"wp-block-themeisle-blocks-advanced-columns-overlay\"><\/div><div class=\"innerblocks-wrap\">\n<div id=\"wp-block-themeisle-blocks-advanced-column-3a11072a\" class=\"wp-block-themeisle-blocks-advanced-column\">\n<h3 class=\"wp-block-heading has-neve-link-hover-color-color has-text-color\">\u00bf<strong>Quieres iniciar y no sabes como?<\/strong><\/h3>\n\n\n\n<h2 class=\"wp-block-heading has-neve-link-color-color has-text-color\">Env\u00eda un mensaje<\/h2>\n\n\n\n<p id=\"wp-block-themeisle-blocks-advanced-heading-7cc5fb22\" class=\"wp-block-themeisle-blocks-advanced-heading wp-block-themeisle-blocks-advanced-heading-7cc5fb22\">Com\u00e9ntanos tus dudas y preg\u00fantanos como podemos ayudarte. \u00danete a nuestra comunidad y disfruta del yoga junto a nosotros, mas all\u00e1 de la pr\u00e1ctica netamente f\u00edsica. Inicia con nosotros, el camino hacia tu bienestar. <\/p>\n\n\n\n<h3 class=\"wp-block-heading\"><strong>Pampatar, Isla de Margarita. Venezuela<\/strong><\/h3>\n\n\n\n<div id=\"wp-block-themeisle-blocks-icon-list-97d58b0f\" class=\"wp-block-themeisle-blocks-icon-list\">\n<div id=\"wp-block-themeisle-blocks-icon-list-item-46e8caff\" class=\"wp-block-themeisle-blocks-icon-list-item\"><i class=\"fas fa-map-marker wp-block-themeisle-blocks-icon-list-item-icon-custom\"><\/i><p class=\"wp-block-themeisle-blocks-icon-list-item-content\"><strong><strong>CENTRO EMPRESARIAL AB. NIVEL PL, OFICINA PL-03<\/strong><\/strong><\/p><\/div>\n\n\n\n<div id=\"wp-block-themeisle-blocks-icon-list-item-53144f38\" class=\"wp-block-themeisle-blocks-icon-list-item\"><i class=\"fas fa-phone-square-alt wp-block-themeisle-blocks-icon-list-item-icon-custom\"><\/i><p class=\"wp-block-themeisle-blocks-icon-list-item-content\"><strong>TELF: +58 4128190109<\/strong><\/p><\/div>\n\n\n\n<div id=\"wp-block-themeisle-blocks-icon-list-item-e4bf2646\" class=\"wp-block-themeisle-blocks-icon-list-item\"><i class=\"fas fa-check wp-block-themeisle-blocks-icon-list-item-icon\"><\/i><p class=\"wp-block-themeisle-blocks-icon-list-item-content\"><strong>margaritayogaensintesis@gmail.com<\/strong><\/p><\/div>\n<\/div>\n<\/div>\n\n\n\n<div id=\"wp-block-themeisle-blocks-advanced-column-7e50ee06\" class=\"wp-block-themeisle-blocks-advanced-column contact-form\"><div class=\"forminator-ui forminator-custom-form forminator-custom-form-1607 forminator-design--default  forminator_ajax\" data-forminator-render=\"0\" data-form=\"forminator-module-1607\" data-uid=\"69e1d59e5183b\"><br\/><\/div><form\n\t\t\t\tid=\"forminator-module-1607\"\n\t\t\t\tclass=\"forminator-ui forminator-custom-form forminator-custom-form-1607 forminator-design--default  forminator_ajax\"\n\t\t\t\tmethod=\"post\"\n\t\t\t\tdata-forminator-render=\"0\"\n\t\t\t\tdata-form-id=\"1607\"\n\t\t\t\t\n\t\t\t\tdata-design=\"default\"\n\t\t\t\tdata-color-option=\"default\"\n\t\t\t\t\n\t\t\t\t\n\t\t\t\t\n\t\t\t\tdata-grid=\"open\"\n\t\t\t\t\n\t\t\t\t\n\t\t\t\tstyle=\"display: none;\"\n\t\t\t\t\n\t\t\t\tdata-uid=\"69e1d59e5183b\"\n\t\t\t><div role=\"alert\" aria-live=\"polite\" class=\"forminator-response-message forminator-error\" aria-hidden=\"true\"><\/div><div class=\"forminator-row\"><div id=\"name-1\" class=\"forminator-field-name forminator-col forminator-col-12 \"><div class=\"forminator-field\"><label for=\"forminator-field-name-1_69e1d59e5183b\" id=\"forminator-field-name-1_69e1d59e5183b-label\" class=\"forminator-label\">Nombre <span class=\"forminator-required\">*<\/span><\/label><input type=\"text\" name=\"name-1\" value=\"\" placeholder=\"Ejemplo: Juan\" id=\"forminator-field-name-1_69e1d59e5183b\" class=\"forminator-input forminator-name--field\" aria-required=\"true\" \/><\/div><\/div><\/div><div class=\"forminator-row\"><div id=\"email-1\" class=\"forminator-field-email forminator-col forminator-col-12 \"><div class=\"forminator-field\"><label for=\"forminator-field-email-1_69e1d59e5183b\" id=\"forminator-field-email-1_69e1d59e5183b-label\" class=\"forminator-label\">Correo electr\u00f3nico <span class=\"forminator-required\">*<\/span><\/label><input type=\"email\" name=\"email-1\" value=\"\" placeholder=\"Ej . : joseramirez@gmail.com\" id=\"forminator-field-email-1_69e1d59e5183b\" class=\"forminator-input forminator-email--field\" data-required=\"true\" aria-required=\"true\" \/><\/div><\/div><\/div><div class=\"forminator-row\"><div id=\"phone-1\" class=\"forminator-field-phone forminator-col forminator-col-12 \"><div class=\"forminator-field\"><label for=\"forminator-field-phone-1_69e1d59e5183b\" id=\"forminator-field-phone-1_69e1d59e5183b-label\" class=\"forminator-label\">N\u00famero de tel\u00e9fono <span class=\"forminator-required\">*<\/span><\/label><input type=\"text\" name=\"phone-1\" value=\"\" placeholder=\"Ejemplo: +58 04142001012\" id=\"forminator-field-phone-1_69e1d59e5183b\" class=\"forminator-input forminator-field--phone\" data-required=\"1\" aria-required=\"true\" autocomplete=\"off\" \/><\/div><\/div><\/div><div class=\"forminator-row\"><div id=\"textarea-1\" class=\"forminator-field-textarea forminator-col forminator-col-12 \"><div class=\"forminator-field\"><label for=\"forminator-field-textarea-1_69e1d59e5183b\" id=\"forminator-field-textarea-1_69e1d59e5183b-label\" class=\"forminator-label\">Mensaje<\/label><textarea name=\"textarea-1\" placeholder=\"Introduce tu mensaje...\" id=\"forminator-field-textarea-1_69e1d59e5183b\" class=\"forminator-textarea\" rows=\"6\" style=\"min-height:140px;\" maxlength=\"180\" ><\/textarea><span id=\"forminator-field-textarea-1_69e1d59e5183b-description\" class=\"forminator-description\"><span data-limit=\"180\" data-type=\"characters\" data-editor=\"\">0 \/ 180<\/span><\/span><\/div><\/div><\/div><input type=\"hidden\" name=\"referer_url\" value=\"\" \/><div class=\"forminator-row forminator-row-last\"><div class=\"forminator-col\"><div class=\"forminator-field\"><button class=\"forminator-button forminator-button-submit\">Enviar mensaje<\/button><\/div><\/div><\/div><input type=\"hidden\" id=\"forminator_nonce\" name=\"forminator_nonce\" value=\"67546cf443\" \/><input type=\"hidden\" name=\"_wp_http_referer\" value=\"\/index.php\/wp-json\/wp\/v2\/pages\/103\" \/><input type=\"hidden\" name=\"form_id\" value=\"1607\"><input type=\"hidden\" name=\"page_id\" value=\"103\"><input type=\"hidden\" name=\"form_type\" value=\"default\"><input type=\"hidden\" name=\"current_url\" value=\"https:\/\/yogaensintesismargarita.com\/index.php\/contacto\/\"><input type=\"hidden\" name=\"render_id\" value=\"0\"><input type=\"hidden\" name=\"action\" value=\"forminator_submit_form_custom-forms\"><\/form>\n<\/div>\n<\/div><\/div>\n\n\n\n<div id=\"wp-block-themeisle-blocks-advanced-columns-f6714dd7\" class=\"wp-block-themeisle-blocks-advanced-columns alignfull has-2-columns has-desktop-equal-layout has-tablet-equal-layout has-mobile-collapsedRows-layout has-vertical-unset has-light-bg\"><div class=\"wp-block-themeisle-blocks-advanced-columns-overlay\"><\/div><div class=\"innerblocks-wrap\">\n<div id=\"wp-block-themeisle-blocks-advanced-column-0071d223\" class=\"wp-block-themeisle-blocks-advanced-column\">\n<h3 id=\"wp-block-themeisle-blocks-advanced-heading-f0e2c37c\" class=\"wp-block-themeisle-blocks-advanced-heading wp-block-themeisle-blocks-advanced-heading-f0e2c37c\">Direcci\u00f3n<\/h3>\n\n\n\n<div id=\"wp-block-themeisle-blocks-icon-list-e5ec953c\" class=\"wp-block-themeisle-blocks-icon-list\">\n<div id=\"wp-block-themeisle-blocks-icon-list-item-a656cf2a\" class=\"wp-block-themeisle-blocks-icon-list-item\"><i class=\"fas fa-map-marker wp-block-themeisle-blocks-icon-list-item-icon\"><\/i><p class=\"wp-block-themeisle-blocks-icon-list-item-content-custom\"><strong>Av. Bol\u00edvar Centro Comercial AB.<\/strong> <strong>Nivel PL Oficina PL-03 Pampatar Isla de Margarita<\/strong><\/p><\/div>\n\n\n\n<div id=\"wp-block-themeisle-blocks-icon-list-item-16fec1d6\" class=\"wp-block-themeisle-blocks-icon-list-item\"><i class=\"fas fa-phone-square-alt wp-block-themeisle-blocks-icon-list-item-icon-custom\"><\/i><p class=\"wp-block-themeisle-blocks-icon-list-item-content-custom\"><strong>TELF: +58 4128190109<\/strong><\/p><\/div>\n<\/div>\n<\/div>\n\n\n\n<div id=\"wp-block-themeisle-blocks-advanced-column-e81d388b\" class=\"wp-block-themeisle-blocks-advanced-column\">\n<h3 id=\"wp-block-themeisle-blocks-advanced-heading-98573c45\" class=\"wp-block-themeisle-blocks-advanced-heading wp-block-themeisle-blocks-advanced-heading-98573c45\">Redes<\/h3>\n\n\n\n<div id=\"wp-block-themeisle-blocks-icon-list-d0fad669\" class=\"wp-block-themeisle-blocks-icon-list\">\n<div id=\"wp-block-themeisle-blocks-icon-list-item-14c92680\" class=\"wp-block-themeisle-blocks-icon-list-item\"><i class=\"fab fa-facebook-square wp-block-themeisle-blocks-icon-list-item-icon\"><\/i><p class=\"wp-block-themeisle-blocks-icon-list-item-content\"><a href=\"https:\/\/www.facebook.com\/MargaritaYogaenSintesis\/\"><strong>@margaritayogaensintesis<\/strong><\/a><\/p><\/div>\n\n\n\n<div id=\"wp-block-themeisle-blocks-icon-list-item-6f79e7ac\" class=\"wp-block-themeisle-blocks-icon-list-item\"><i class=\"fab fa-twitter wp-block-themeisle-blocks-icon-list-item-icon\"><\/i><p class=\"wp-block-themeisle-blocks-icon-list-item-content-custom\"><strong>@yogaensintesismargarita<\/strong><\/p><\/div>\n\n\n\n<div id=\"wp-block-themeisle-blocks-icon-list-item-3a6b0785\" class=\"wp-block-themeisle-blocks-icon-list-item\"><i class=\"fab fa-instagram wp-block-themeisle-blocks-icon-list-item-icon\"><\/i><p class=\"wp-block-themeisle-blocks-icon-list-item-content\"><strong><a href=\"https:\/\/www.instagram.com\/yogaensintesismargarita\/\">@<\/a><a rel=\"noreferrer noopener\" href=\"https:\/\/www.instagram.com\/yogaensintesismargarita\/\" target=\"_blank\">y<\/a><a rel=\"noreferrer noopener\" href=\"https:\/\/www.instagram.com\/yogaensintesismargarita\/\" target=\"_blank\">o<\/a><a rel=\"noreferrer noopener\" href=\"https:\/\/www.instagram.com\/yogaensintesismargarita\/\" target=\"_blank\">g<\/a><a rel=\"noreferrer noopener\" href=\"https:\/\/www.instagram.com\/yogaensintesismargarita\/\" target=\"_blank\">a<\/a><a rel=\"noreferrer noopener\" href=\"https:\/\/www.instagram.com\/yogaensintesismargarita\/\" target=\"_blank\">e<\/a><a rel=\"noreferrer noopener\" href=\"https:\/\/www.instagram.com\/yogaensintesismargarita\/\" target=\"_blank\">n<\/a><a rel=\"noreferrer noopener\" href=\"https:\/\/www.instagram.com\/yogaensintesismargarita\/\" target=\"_blank\">s<\/a><a rel=\"noreferrer noopener\" href=\"https:\/\/www.instagram.com\/yogaensintesismargarita\/\" target=\"_blank\">i<\/a><a rel=\"noreferrer noopener\" href=\"https:\/\/www.instagram.com\/yogaensintesismargarita\/\" target=\"_blank\">n<\/a><a rel=\"noreferrer noopener\" href=\"https:\/\/www.instagram.com\/yogaensintesismargarita\/\" target=\"_blank\">t<\/a><a rel=\"noreferrer noopener\" href=\"https:\/\/www.instagram.com\/yogaensintesismargarita\/\" target=\"_blank\">e<\/a><a rel=\"noreferrer noopener\" href=\"https:\/\/www.instagram.com\/yogaensintesismargarita\/\" target=\"_blank\">s<\/a><a rel=\"noreferrer noopener\" href=\"https:\/\/www.instagram.com\/yogaensintesismargarita\/\" target=\"_blank\">i<\/a><a rel=\"noreferrer noopener\" href=\"https:\/\/www.instagram.com\/yogaensintesismargarita\/\" target=\"_blank\">s<\/a><a rel=\"noreferrer noopener\" href=\"https:\/\/www.instagram.com\/yogaensintesismargarita\/\" target=\"_blank\">m<\/a><a rel=\"noreferrer noopener\" href=\"https:\/\/www.instagram.com\/yogaensintesismargarita\/\" target=\"_blank\">a<\/a><a rel=\"noreferrer noopener\" href=\"https:\/\/www.instagram.com\/yogaensintesismargarita\/\" target=\"_blank\">r<\/a><a rel=\"noreferrer noopener\" href=\"https:\/\/www.instagram.com\/yogaensintesismargarita\/\" target=\"_blank\">g<\/a><a rel=\"noreferrer noopener\" href=\"https:\/\/www.instagram.com\/yogaensintesismargarita\/\" target=\"_blank\">a<\/a><a rel=\"noreferrer noopener\" href=\"https:\/\/www.instagram.com\/yogaensintesismargarita\/\" target=\"_blank\">r<\/a><a rel=\"noreferrer noopener\" href=\"https:\/\/www.instagram.com\/yogaensintesismargarita\/\" target=\"_blank\">i<\/a><a rel=\"noreferrer noopener\" href=\"https:\/\/www.instagram.com\/yogaensintesismargarita\/\" target=\"_blank\">t<\/a><a rel=\"noreferrer noopener\" href=\"https:\/\/www.instagram.com\/yogaensintesismargarita\/\" target=\"_blank\">a<\/a><\/strong><\/p><\/div>\n<\/div>\n<\/div>\n<\/div><\/div>\n\n\n\n<div id=\"wp-block-themeisle-blocks-advanced-columns-92a241ea\" class=\"wp-block-themeisle-blocks-advanced-columns alignfull has-1-columns has-desktop-equal-layout has-tablet-equal-layout has-mobile-equal-layout has-vertical-center has-light-bg\"><div class=\"wp-block-themeisle-blocks-advanced-columns-overlay\"><\/div><div class=\"innerblocks-wrap\">\n<div id=\"wp-block-themeisle-blocks-advanced-column-165756b3\" class=\"wp-block-themeisle-blocks-advanced-column\"><p><iframe src=\"https:\/\/www.google.com\/maps\/embed?pb=!1m16!1m12!1m3!1d3916.693096998318!2d-63.82053122582451!3d10.986521855285053!2m3!1f0!2f0!3f0!3m2!1i1024!2i768!4f13.1!2m1!1sCentro%20Comercial%20AB.%20Nivel%20PL%20Ofic%2003.%20Pampatar.%20Margarita!5e0!3m2!1ses!2sve!4v1698696241848!5m2!1ses!2sve\" width=\"2400\" height=\"400\" style=\"border:0;\" allowfullscreen=\"\" loading=\"lazy\" referrerpolicy=\"no-referrer-when-downgrade\"><\/iframe><\/p>\n<\/div>\n<\/div><\/div>\n","protected":false},"excerpt":{"rendered":"","protected":false},"author":1,"featured_media":0,"parent":0,"menu_order":0,"comment_status":"closed","ping_status":"closed","template":"page-templates\/template-pagebuilder-full-width.php","meta":{"neve_meta_sidebar":"full-width","neve_meta_container":"","neve_meta_enable_content_width":"on","neve_meta_content_width":100,"neve_meta_title_alignment":"","neve_meta_author_avatar":"","neve_post_elements_order":"","neve_meta_disable_header":"","neve_meta_disable_footer":"","neve_meta_disable_title":"on","_themeisle_gutenberg_block_has_review":false,"footnotes":""},"class_list":["post-103","page","type-page","status-publish","hentry"],"_links":{"self":[{"href":"https:\/\/yogaensintesismargarita.com\/index.php\/wp-json\/wp\/v2\/pages\/103","targetHints":{"allow":["GET"]}}],"collection":[{"href":"https:\/\/yogaensintesismargarita.com\/index.php\/wp-json\/wp\/v2\/pages"}],"about":[{"href":"https:\/\/yogaensintesismargarita.com\/index.php\/wp-json\/wp\/v2\/types\/page"}],"author":[{"embeddable":true,"href":"https:\/\/yogaensintesismargarita.com\/index.php\/wp-json\/wp\/v2\/users\/1"}],"replies":[{"embeddable":true,"href":"https:\/\/yogaensintesismargarita.com\/index.php\/wp-json\/wp\/v2\/comments?post=103"}],"version-history":[{"count":47,"href":"https:\/\/yogaensintesismargarita.com\/index.php\/wp-json\/wp\/v2\/pages\/103\/revisions"}],"predecessor-version":[{"id":1612,"href":"https:\/\/yogaensintesismargarita.com\/index.php\/wp-json\/wp\/v2\/pages\/103\/revisions\/1612"}],"wp:attachment":[{"href":"https:\/\/yogaensintesismargarita.com\/index.php\/wp-json\/wp\/v2\/media?parent=103"}],"curies":[{"name":"wp","href":"https:\/\/api.w.org\/{rel}","templated":true}]}}